{"id":248637,"date":"2026-02-06T17:50:44","date_gmt":"2026-02-06T16:50:44","guid":{"rendered":"https:\/\/harvin.eu\/cookie-policy\/"},"modified":"2026-02-06T19:20:56","modified_gmt":"2026-02-06T18:20:56","slug":"cookie-policy","status":"publish","type":"page","link":"https:\/\/harvin.eu\/fr\/cookie-policy\/","title":{"rendered":"Cookie Policy"},"content":{"rendered":"\t\t<div data-elementor-type=\"wp-page\" data-elementor-id=\"248637\" class=\"elementor elementor-248637 elementor-248621\" data-elementor-post-type=\"page\">\n\t\t\t\t<div class=\"has_eae_slider elementor-element elementor-element-51aa0e53 e-flex e-con-boxed wpr-particle-no wpr-jarallax-no wpr-parallax-no wpr-sticky-section-no e-con e-parent\" data-eae-slider=\"7901\" data-id=\"51aa0e53\" data-element_type=\"container\" data-settings=\"{&quot;background_background&quot;:&quot;classic&quot;,&quot;shape_divider_bottom&quot;:&quot;waves&quot;}\">\n\t\t\t\t\t<div class=\"e-con-inner\">\n\t\t\t\t<div class=\"elementor-shape elementor-shape-bottom\" aria-hidden=\"true\" data-negative=\"false\">\n\t\t\t<svg xmlns=\"http:\/\/www.w3.org\/2000\/svg\" viewBox=\"0 0 1000 100\" preserveAspectRatio=\"none\">\n\t<path class=\"elementor-shape-fill\" d=\"M421.9,6.5c22.6-2.5,51.5,0.4,75.5,5.3c23.6,4.9,70.9,23.5,100.5,35.7c75.8,32.2,133.7,44.5,192.6,49.7\n\tc23.6,2.1,48.7,3.5,103.4-2.5c54.7-6,106.2-25.6,106.2-25.6V0H0v30.3c0,0,72,32.6,158.4,30.5c39.2-0.7,92.8-6.7,134-22.4\n\tc21.2-8.1,52.2-18.2,79.7-24.2C399.3,7.9,411.6,7.5,421.9,6.5z\"\/>\n<\/svg>\t\t<\/div>\n\t\t\t\t<div class=\"elementor-element elementor-element-1f5c6758 elementor-widget elementor-widget-heading\" data-id=\"1f5c6758\" data-element_type=\"widget\" data-widget_type=\"heading.default\">\n\t\t\t\t\t<h2 class=\"elementor-heading-title elementor-size-default\">Cookie Policy<\/h2>\t\t\t\t<\/div>\n\t\t\t\t\t<\/div>\n\t\t\t\t<\/div>\n\t\t<div class=\"has_eae_slider elementor-element elementor-element-e463e27 e-flex e-con-boxed wpr-particle-no wpr-jarallax-no wpr-parallax-no wpr-sticky-section-no e-con e-parent\" data-eae-slider=\"26287\" data-id=\"e463e27\" data-element_type=\"container\">\n\t\t\t\t\t<div class=\"e-con-inner\">\n\t\t\t\t<div class=\"elementor-element elementor-element-66e7c4b elementor-widget elementor-widget-text-editor\" data-id=\"66e7c4b\" data-element_type=\"widget\" data-widget_type=\"text-editor.default\">\n\t\t\t\t\t\t\t\t\t<p><b>Politique en mati\u00e8re de cookies d&#8217;www.harvin.eu<\/b><\/p><p class=\"p3\">Derni\u00e8re mise \u00e0 jour : 16 d\u00e9cembre 2025<\/p><p class=\"p4\">La pr\u00e9sente politique en mati\u00e8re de cookies explique ce que sont les cookies (et les outils similaires), lesquels sont utilis\u00e9s sur www.harvin.eu (ci-apr\u00e8s d\u00e9nomm\u00e9 \u00ab site Web \u00bb), \u00e0 quelles fins et comment l&#8217;utilisateur peut les g\u00e9rer.<\/p><hr><p><b>1. Responsable du traitement<\/b><\/p><p class=\"p3\"><b>Lar Sistemi S.r.l.<\/b><b><\/b><\/p><p class=\"p4\">Via Industriale 14\/16<\/p><p class=\"p4\">25082 Botticino Sera (BS) \u2013 Italie<\/p><p class=\"p3\"><span class=\"s2\">Email: <\/span><b>info@larsistemi.com<\/b><b><\/b><\/p><hr><p><b>2. Que sont les cookies et les outils de suivi ?<\/b><\/p><p class=\"p4\">Les cookies sont de petits fichiers texte que les sites web peuvent enregistrer sur l&#8217;appareil de l&#8217;utilisateur (ordinateur, smartphone, tablette) pendant la navigation.<\/p><p class=\"p4\">Outre les cookies, des outils similaires (par exemple, scripts, pixels, identifiants) peuvent \u00eatre utilis\u00e9s pour collecter des informations techniques ou fonctionnelles.<\/p><p class=\"p4\">Dans la pr\u00e9sente politique, les cookies et les outils similaires sont d\u00e9sign\u00e9s sous le terme \u00ab outils de suivi \u00bb.<\/p><hr><p><b>3. Quels outils de suivi utilisons-nous et pourquoi ?<\/b><\/p><p class=\"p4\">Le site Web peut utiliser des outils de suivi pour :<\/p><ul><li><p class=\"p1\">premi\u00e8re partie, g\u00e9r\u00e9s directement par le Titulaire ;<\/p><\/li><li><p class=\"p1\">troisi\u00e8me partie, g\u00e9r\u00e9s par des fournisseurs externes.<\/p><\/li><\/ul><p><b>3.1 Outils n\u00e9cessaires (techniques)<\/b><\/p><p class=\"p4\">Ce sont des outils indispensables pour :<\/p><ul><li><p class=\"p1\">fonctionnement du site ;<\/p><\/li><li><p class=\"p1\">s\u00e9curit\u00e9 ;<\/p><\/li><li><p class=\"p1\">fourniture correcte des contenus et des fonctionnalit\u00e9s demand\u00e9s.<\/p><\/li><\/ul><p class=\"p4\">Ces outils, lorsqu&#8217;ils sont purement techniques, peuvent \u00eatre utilis\u00e9s sans consentement, dans les limites pr\u00e9vues par la r\u00e9glementation.<\/p><p><b>3.2 Outils pour l&#8217;exp\u00e9rience et la fonctionnalit\u00e9 (contenus externes)<\/b><\/p><p class=\"p4\">Le site Web int\u00e8gre des services externes qui peuvent impliquer l&#8217;utilisation d&#8217;outils de suivi et la collecte de donn\u00e9es techniques (par exemple, donn\u00e9es d&#8217;utilisation, informations sur l&#8217;appareil).<\/p><p class=\"p4\">Exemples de services int\u00e9gr\u00e9s :<\/p><ul><li><p class=\"p1\">Google Fonts (Google LLC, \u00c9tats-Unis)<\/p><\/li><li><p class=\"p1\">Font Awesome (Fonticons, Inc., \u00c9tats-Unis)<\/p><\/li><\/ul><p><b>3.3 Outils li\u00e9s aux modules de contact<\/b><\/p><p class=\"p4\">Le site Web utilise des outils permettant l&#8217;envoi de demandes via des formulaires.<\/p><p class=\"p4\">Exemple :<\/p><ul><li><p class=\"p1\">Widget Elementor Form (Elementor Ltd., Isra\u00ebl)<\/p><\/li><\/ul><p><b>3.4 Outils li\u00e9s \u00e0 la communication et au marketing<\/b><\/p><p class=\"p4\">Le site Web peut utiliser des outils tiers li\u00e9s \u00e0 :<\/p><ul><li><p class=\"p1\">gestion des e-mails et des communications ;<\/p><\/li><li><p class=\"p1\">publicit\u00e9 ou contenus promotionnels, s&#8217;ils sont activ\u00e9s sur le site.<\/p><\/li><\/ul><p class=\"p4\">Exemples indiqu\u00e9s :<\/p><ul><li><p class=\"p1\">Blockthrough (Blockthrough, Inc., Canada)<\/p><\/li><li><p class=\"p1\">Vertigo Media (Vertigo Media Group, \u00c9tats-Unis)<\/p><\/li><\/ul><p class=\"p4\">Remarque : la pr\u00e9sence de ces services peut impliquer l&#8217;utilisation d&#8217;outils de suivi m\u00eame lorsque l&#8217;utilisateur n&#8217;interagit pas directement avec eux.<\/p><hr><p><b>4. Comment g\u00e9rer les pr\u00e9f\u00e9rences en mati\u00e8re de cookies<\/b><\/p><p><b>4.1 Param\u00e8tres du navigateur<\/b><\/p><p class=\"p4\">L&#8217;utilisateur peut g\u00e9rer les cookies et les outils similaires directement depuis son navigateur, par exemple pour :<\/p><ul><li><p class=\"p1\">voir les cookies pr\u00e9sents ;<\/p><\/li><li><p class=\"p1\">bloquer les cookies ;<\/p><\/li><li><p class=\"p1\">supprimer les cookies.<\/p><\/li><\/ul><p class=\"p4\">supprimer les cookies. Attention : si les cookies techniques sont bloqu\u00e9s, certaines fonctions du site Web pourraient ne pas fonctionner correctement.<\/p><p><b>4.2 Gestion des outils tiers<\/b><\/p><p class=\"p4\">Pour les outils tiers, l&#8217;utilisateur peut se r\u00e9f\u00e9rer aux informations et aux m\u00e9canismes de d\u00e9sactivation mis \u00e0 disposition par les diff\u00e9rents fournisseurs.<\/p><hr><p><b>5. Cons\u00e9quences du refus des cookies<\/b><\/p><p class=\"p4\">L&#8217;utilisateur est libre de limiter ou de d\u00e9sactiver les cookies. Cependant : <\/p><ul><li><p class=\"p1\">la d\u00e9sactivation des cookies techniques peut emp\u00eacher le bon fonctionnement du site ;<\/p><\/li><li><p class=\"p1\">La d\u00e9sactivation des outils non techniques peut r\u00e9duire les fonctionnalit\u00e9s et les contenus externes int\u00e9gr\u00e9s.<\/p><\/li><\/ul><hr><p><b>6. Mises \u00e0 jour de la politique en mati\u00e8re de cookies<\/b><\/p><p class=\"p4\">Le Responsable du traitement peut mettre \u00e0 jour la pr\u00e9sente Politique en mati\u00e8re de cookies \u00e0 tout moment. Les modifications seront publi\u00e9es sur cette page avec indication de la date de mise \u00e0 jour. <\/p><hr><p><b>7. Contacts<\/b><\/p><p class=\"p4\">Pour toute demande ou information relative \u00e0 la pr\u00e9sente politique en mati\u00e8re de cookies :<\/p><p class=\"p3\"><span class=\"s2\">Email: <\/span><b>info@larsistemi.com<\/b><b><\/b><\/p>\t\t\t\t\t\t\t\t<\/div>\n\t\t\t\t\t<\/div>\n\t\t\t\t<\/div>\n\t\t\t\t<\/div>\n\t\t","protected":false},"excerpt":{"rendered":"<p>Cookie Policy Politique en mati\u00e8re de cookies d&#8217;www.harvin.eu Derni\u00e8re mise \u00e0 jour : 16 d\u00e9cembre 2025 La pr\u00e9sente politique en mati\u00e8re de cookies explique ce que sont les cookies (et les outils similaires), lesquels sont utilis\u00e9s sur www.harvin.eu (ci-apr\u00e8s d\u00e9nomm\u00e9 \u00ab site Web \u00bb), \u00e0 quelles fins et comment l&#8217;utilisateur peut les g\u00e9rer. 1. Responsable du traitement Lar Sistemi S.r.l. Via Industriale 14\/16 25082 Botticino Sera (BS) \u2013 Italie Email: info@larsistemi.com 2. Que sont les cookies et les outils de suivi ? Les cookies sont de petits fichiers texte que les sites web peuvent enregistrer sur l&#8217;appareil de l&#8217;utilisateur (ordinateur, smartphone, tablette) pendant la navigation. Outre les cookies, des outils similaires (par exemple, scripts, pixels, identifiants) peuvent \u00eatre utilis\u00e9s pour collecter des informations techniques ou fonctionnelles. Dans la pr\u00e9sente politique, les cookies et les outils similaires sont d\u00e9sign\u00e9s sous le terme \u00ab outils de suivi \u00bb. 3. Quels outils de suivi utilisons-nous et pourquoi ? Le site Web peut utiliser des outils de suivi pour : premi\u00e8re partie, g\u00e9r\u00e9s directement par le Titulaire ; troisi\u00e8me partie, g\u00e9r\u00e9s par des fournisseurs externes. 3.1 Outils n\u00e9cessaires (techniques) Ce sont des outils indispensables pour : fonctionnement du site ; s\u00e9curit\u00e9 ; fourniture correcte des contenus et des fonctionnalit\u00e9s demand\u00e9s. Ces outils, lorsqu&#8217;ils sont purement techniques, peuvent \u00eatre utilis\u00e9s sans consentement, dans les limites pr\u00e9vues par la r\u00e9glementation. 3.2 Outils pour l&#8217;exp\u00e9rience et la fonctionnalit\u00e9 (contenus externes) Le site Web int\u00e8gre des services externes qui peuvent impliquer l&#8217;utilisation d&#8217;outils de suivi et la collecte de donn\u00e9es techniques (par exemple, donn\u00e9es d&#8217;utilisation, informations sur l&#8217;appareil). Exemples de services int\u00e9gr\u00e9s : Google Fonts (Google LLC, \u00c9tats-Unis) Font Awesome (Fonticons, Inc., \u00c9tats-Unis) 3.3 Outils li\u00e9s aux modules de contact Le site Web utilise des outils permettant l&#8217;envoi de demandes via des formulaires. Exemple : Widget Elementor Form (Elementor Ltd., Isra\u00ebl) 3.4 Outils li\u00e9s \u00e0 la communication et au marketing Le site Web peut utiliser des outils tiers li\u00e9s \u00e0 : gestion des e-mails et des communications ; publicit\u00e9 ou contenus promotionnels, s&#8217;ils sont activ\u00e9s sur le site. Exemples indiqu\u00e9s : Blockthrough (Blockthrough, Inc., Canada) Vertigo Media (Vertigo Media Group, \u00c9tats-Unis) Remarque : la pr\u00e9sence de ces services peut impliquer l&#8217;utilisation d&#8217;outils de suivi m\u00eame lorsque l&#8217;utilisateur n&#8217;interagit pas directement avec eux. 4. Comment g\u00e9rer les pr\u00e9f\u00e9rences en mati\u00e8re de cookies 4.1 Param\u00e8tres du navigateur L&#8217;utilisateur peut g\u00e9rer les cookies et les outils similaires directement depuis son navigateur, par exemple pour : voir les cookies pr\u00e9sents ; bloquer les cookies ; supprimer les cookies. supprimer les cookies. Attention : si les cookies techniques sont bloqu\u00e9s, certaines fonctions du site Web pourraient ne pas fonctionner correctement. 4.2 Gestion des outils tiers Pour les outils tiers, l&#8217;utilisateur peut se r\u00e9f\u00e9rer aux informations et aux m\u00e9canismes de d\u00e9sactivation mis \u00e0 disposition par les diff\u00e9rents fournisseurs. 5. Cons\u00e9quences du refus des cookies L&#8217;utilisateur est libre de limiter ou de d\u00e9sactiver les cookies. Cependant : la d\u00e9sactivation des cookies techniques peut emp\u00eacher le bon fonctionnement du site ; La d\u00e9sactivation des outils non techniques peut r\u00e9duire les fonctionnalit\u00e9s et les contenus externes int\u00e9gr\u00e9s. 6. Mises \u00e0 jour de la politique en mati\u00e8re de cookies Le Responsable du traitement peut mettre \u00e0 jour la pr\u00e9sente Politique en mati\u00e8re de cookies \u00e0 tout moment. Les modifications seront publi\u00e9es sur cette page avec indication de la date de mise \u00e0 jour. 7. Contacts Pour toute demande ou information relative \u00e0 la pr\u00e9sente politique en mati\u00e8re de cookies : Email: info@larsistemi.com<\/p>\n","protected":false},"author":2,"featured_media":0,"parent":0,"menu_order":0,"comment_status":"closed","ping_status":"closed","template":"","meta":{"footnotes":""},"class_list":["post-248637","page","type-page","status-publish","hentry"],"blocksy_meta":[],"yoast_head":"<!-- This site is optimized with the Yoast SEO plugin v26.5 - https:\/\/yoast.com\/wordpress\/plugins\/seo\/ -->\n<title>Cookie Policy<\/title>\n<meta name=\"robots\" content=\"index, follow, max-snippet:-1, max-image-preview:large, max-video-preview:-1\" \/>\n<link rel=\"canonical\" href=\"https:\/\/harvin.eu\/fr\/cookie-policy\/\" \/>\n<meta property=\"og:locale\" content=\"fr_FR\" \/>\n<meta property=\"og:type\" content=\"article\" \/>\n<meta property=\"og:title\" content=\"Cookie Policy\" \/>\n<meta property=\"og:description\" content=\"Cookie Policy Politique en mati\u00e8re de cookies d&#8217;www.harvin.eu Derni\u00e8re mise \u00e0 jour : 16 d\u00e9cembre 2025 La pr\u00e9sente politique en mati\u00e8re de cookies explique ce que sont les cookies (et les outils similaires), lesquels sont utilis\u00e9s sur www.harvin.eu (ci-apr\u00e8s d\u00e9nomm\u00e9 \u00ab site Web \u00bb), \u00e0 quelles fins et comment l&#8217;utilisateur peut les g\u00e9rer. 1. Responsable du traitement Lar Sistemi S.r.l. Via Industriale 14\/16 25082 Botticino Sera (BS) \u2013 Italie Email: info@larsistemi.com 2. Que sont les cookies et les outils de suivi ? Les cookies sont de petits fichiers texte que les sites web peuvent enregistrer sur l&#8217;appareil de l&#8217;utilisateur (ordinateur, smartphone, tablette) pendant la navigation. Outre les cookies, des outils similaires (par exemple, scripts, pixels, identifiants) peuvent \u00eatre utilis\u00e9s pour collecter des informations techniques ou fonctionnelles. Dans la pr\u00e9sente politique, les cookies et les outils similaires sont d\u00e9sign\u00e9s sous le terme \u00ab outils de suivi \u00bb. 3. Quels outils de suivi utilisons-nous et pourquoi ? Le site Web peut utiliser des outils de suivi pour : premi\u00e8re partie, g\u00e9r\u00e9s directement par le Titulaire ; troisi\u00e8me partie, g\u00e9r\u00e9s par des fournisseurs externes. 3.1 Outils n\u00e9cessaires (techniques) Ce sont des outils indispensables pour : fonctionnement du site ; s\u00e9curit\u00e9 ; fourniture correcte des contenus et des fonctionnalit\u00e9s demand\u00e9s. Ces outils, lorsqu&#8217;ils sont purement techniques, peuvent \u00eatre utilis\u00e9s sans consentement, dans les limites pr\u00e9vues par la r\u00e9glementation. 3.2 Outils pour l&#8217;exp\u00e9rience et la fonctionnalit\u00e9 (contenus externes) Le site Web int\u00e8gre des services externes qui peuvent impliquer l&#8217;utilisation d&#8217;outils de suivi et la collecte de donn\u00e9es techniques (par exemple, donn\u00e9es d&#8217;utilisation, informations sur l&#8217;appareil). Exemples de services int\u00e9gr\u00e9s : Google Fonts (Google LLC, \u00c9tats-Unis) Font Awesome (Fonticons, Inc., \u00c9tats-Unis) 3.3 Outils li\u00e9s aux modules de contact Le site Web utilise des outils permettant l&#8217;envoi de demandes via des formulaires. Exemple : Widget Elementor Form (Elementor Ltd., Isra\u00ebl) 3.4 Outils li\u00e9s \u00e0 la communication et au marketing Le site Web peut utiliser des outils tiers li\u00e9s \u00e0 : gestion des e-mails et des communications ; publicit\u00e9 ou contenus promotionnels, s&#8217;ils sont activ\u00e9s sur le site. Exemples indiqu\u00e9s : Blockthrough (Blockthrough, Inc., Canada) Vertigo Media (Vertigo Media Group, \u00c9tats-Unis) Remarque : la pr\u00e9sence de ces services peut impliquer l&#8217;utilisation d&#8217;outils de suivi m\u00eame lorsque l&#8217;utilisateur n&#8217;interagit pas directement avec eux. 4. Comment g\u00e9rer les pr\u00e9f\u00e9rences en mati\u00e8re de cookies 4.1 Param\u00e8tres du navigateur L&#8217;utilisateur peut g\u00e9rer les cookies et les outils similaires directement depuis son navigateur, par exemple pour : voir les cookies pr\u00e9sents ; bloquer les cookies ; supprimer les cookies. supprimer les cookies. Attention : si les cookies techniques sont bloqu\u00e9s, certaines fonctions du site Web pourraient ne pas fonctionner correctement. 4.2 Gestion des outils tiers Pour les outils tiers, l&#8217;utilisateur peut se r\u00e9f\u00e9rer aux informations et aux m\u00e9canismes de d\u00e9sactivation mis \u00e0 disposition par les diff\u00e9rents fournisseurs. 5. Cons\u00e9quences du refus des cookies L&#8217;utilisateur est libre de limiter ou de d\u00e9sactiver les cookies. Cependant : la d\u00e9sactivation des cookies techniques peut emp\u00eacher le bon fonctionnement du site ; La d\u00e9sactivation des outils non techniques peut r\u00e9duire les fonctionnalit\u00e9s et les contenus externes int\u00e9gr\u00e9s. 6. Mises \u00e0 jour de la politique en mati\u00e8re de cookies Le Responsable du traitement peut mettre \u00e0 jour la pr\u00e9sente Politique en mati\u00e8re de cookies \u00e0 tout moment. Les modifications seront publi\u00e9es sur cette page avec indication de la date de mise \u00e0 jour. 7. Contacts Pour toute demande ou information relative \u00e0 la pr\u00e9sente politique en mati\u00e8re de cookies : Email: info@larsistemi.com\" \/>\n<meta property=\"og:url\" content=\"https:\/\/harvin.eu\/fr\/cookie-policy\/\" \/>\n<meta property=\"og:site_name\" content=\"Vendita Distributori Automatici - Esperienza ventennale - Harvin\" \/>\n<meta property=\"article:publisher\" content=\"https:\/\/www.facebook.com\/harvindistributoriautomatici\" \/>\n<meta property=\"article:modified_time\" content=\"2026-02-06T18:20:56+00:00\" \/>\n<meta name=\"twitter:card\" content=\"summary_large_image\" \/>\n<meta name=\"twitter:label1\" content=\"Est. reading time\" \/>\n\t<meta name=\"twitter:data1\" content=\"3 minutes\" \/>\n<script type=\"application\/ld+json\" class=\"yoast-schema-graph\">{\"@context\":\"https:\/\/schema.org\",\"@graph\":[{\"@type\":\"WebPage\",\"@id\":\"https:\/\/harvin.eu\/fr\/cookie-policy\/\",\"url\":\"https:\/\/harvin.eu\/fr\/cookie-policy\/\",\"name\":\"Cookie Policy\",\"isPartOf\":{\"@id\":\"http:\/\/harvin.eu\/fr\/#website\"},\"datePublished\":\"2026-02-06T16:50:44+00:00\",\"dateModified\":\"2026-02-06T18:20:56+00:00\",\"breadcrumb\":{\"@id\":\"https:\/\/harvin.eu\/fr\/cookie-policy\/#breadcrumb\"},\"inLanguage\":\"fr-FR\",\"potentialAction\":[{\"@type\":\"ReadAction\",\"target\":[\"https:\/\/harvin.eu\/fr\/cookie-policy\/\"]}]},{\"@type\":\"BreadcrumbList\",\"@id\":\"https:\/\/harvin.eu\/fr\/cookie-policy\/#breadcrumb\",\"itemListElement\":[{\"@type\":\"ListItem\",\"position\":1,\"name\":\"Home\",\"item\":\"https:\/\/harvin.eu\/fr\/accueil\/\"},{\"@type\":\"ListItem\",\"position\":2,\"name\":\"Cookie Policy\"}]},{\"@type\":\"WebSite\",\"@id\":\"http:\/\/harvin.eu\/fr\/#website\",\"url\":\"http:\/\/harvin.eu\/fr\/\",\"name\":\"Vendita Distributori Automatici - Harvin\",\"description\":\"Vendita Distributori Automatici - Esperienza ventennale - Harvin\",\"potentialAction\":[{\"@type\":\"SearchAction\",\"target\":{\"@type\":\"EntryPoint\",\"urlTemplate\":\"http:\/\/harvin.eu\/fr\/?s={search_term_string}\"},\"query-input\":{\"@type\":\"PropertyValueSpecification\",\"valueRequired\":true,\"valueName\":\"search_term_string\"}}],\"inLanguage\":\"fr-FR\"}]}<\/script>\n<!-- \/ Yoast SEO plugin. -->","yoast_head_json":{"title":"Cookie Policy","robots":{"index":"index","follow":"follow","max-snippet":"max-snippet:-1","max-image-preview":"max-image-preview:large","max-video-preview":"max-video-preview:-1"},"canonical":"https:\/\/harvin.eu\/fr\/cookie-policy\/","og_locale":"fr_FR","og_type":"article","og_title":"Cookie Policy","og_description":"Cookie Policy Politique en mati\u00e8re de cookies d&#8217;www.harvin.eu Derni\u00e8re mise \u00e0 jour : 16 d\u00e9cembre 2025 La pr\u00e9sente politique en mati\u00e8re de cookies explique ce que sont les cookies (et les outils similaires), lesquels sont utilis\u00e9s sur www.harvin.eu (ci-apr\u00e8s d\u00e9nomm\u00e9 \u00ab site Web \u00bb), \u00e0 quelles fins et comment l&#8217;utilisateur peut les g\u00e9rer. 1. Responsable du traitement Lar Sistemi S.r.l. Via Industriale 14\/16 25082 Botticino Sera (BS) \u2013 Italie Email: info@larsistemi.com 2. Que sont les cookies et les outils de suivi ? Les cookies sont de petits fichiers texte que les sites web peuvent enregistrer sur l&#8217;appareil de l&#8217;utilisateur (ordinateur, smartphone, tablette) pendant la navigation. Outre les cookies, des outils similaires (par exemple, scripts, pixels, identifiants) peuvent \u00eatre utilis\u00e9s pour collecter des informations techniques ou fonctionnelles. Dans la pr\u00e9sente politique, les cookies et les outils similaires sont d\u00e9sign\u00e9s sous le terme \u00ab outils de suivi \u00bb. 3. Quels outils de suivi utilisons-nous et pourquoi ? Le site Web peut utiliser des outils de suivi pour : premi\u00e8re partie, g\u00e9r\u00e9s directement par le Titulaire ; troisi\u00e8me partie, g\u00e9r\u00e9s par des fournisseurs externes. 3.1 Outils n\u00e9cessaires (techniques) Ce sont des outils indispensables pour : fonctionnement du site ; s\u00e9curit\u00e9 ; fourniture correcte des contenus et des fonctionnalit\u00e9s demand\u00e9s. Ces outils, lorsqu&#8217;ils sont purement techniques, peuvent \u00eatre utilis\u00e9s sans consentement, dans les limites pr\u00e9vues par la r\u00e9glementation. 3.2 Outils pour l&#8217;exp\u00e9rience et la fonctionnalit\u00e9 (contenus externes) Le site Web int\u00e8gre des services externes qui peuvent impliquer l&#8217;utilisation d&#8217;outils de suivi et la collecte de donn\u00e9es techniques (par exemple, donn\u00e9es d&#8217;utilisation, informations sur l&#8217;appareil). Exemples de services int\u00e9gr\u00e9s : Google Fonts (Google LLC, \u00c9tats-Unis) Font Awesome (Fonticons, Inc., \u00c9tats-Unis) 3.3 Outils li\u00e9s aux modules de contact Le site Web utilise des outils permettant l&#8217;envoi de demandes via des formulaires. Exemple : Widget Elementor Form (Elementor Ltd., Isra\u00ebl) 3.4 Outils li\u00e9s \u00e0 la communication et au marketing Le site Web peut utiliser des outils tiers li\u00e9s \u00e0 : gestion des e-mails et des communications ; publicit\u00e9 ou contenus promotionnels, s&#8217;ils sont activ\u00e9s sur le site. Exemples indiqu\u00e9s : Blockthrough (Blockthrough, Inc., Canada) Vertigo Media (Vertigo Media Group, \u00c9tats-Unis) Remarque : la pr\u00e9sence de ces services peut impliquer l&#8217;utilisation d&#8217;outils de suivi m\u00eame lorsque l&#8217;utilisateur n&#8217;interagit pas directement avec eux. 4. Comment g\u00e9rer les pr\u00e9f\u00e9rences en mati\u00e8re de cookies 4.1 Param\u00e8tres du navigateur L&#8217;utilisateur peut g\u00e9rer les cookies et les outils similaires directement depuis son navigateur, par exemple pour : voir les cookies pr\u00e9sents ; bloquer les cookies ; supprimer les cookies. supprimer les cookies. Attention : si les cookies techniques sont bloqu\u00e9s, certaines fonctions du site Web pourraient ne pas fonctionner correctement. 4.2 Gestion des outils tiers Pour les outils tiers, l&#8217;utilisateur peut se r\u00e9f\u00e9rer aux informations et aux m\u00e9canismes de d\u00e9sactivation mis \u00e0 disposition par les diff\u00e9rents fournisseurs. 5. Cons\u00e9quences du refus des cookies L&#8217;utilisateur est libre de limiter ou de d\u00e9sactiver les cookies. Cependant : la d\u00e9sactivation des cookies techniques peut emp\u00eacher le bon fonctionnement du site ; La d\u00e9sactivation des outils non techniques peut r\u00e9duire les fonctionnalit\u00e9s et les contenus externes int\u00e9gr\u00e9s. 6. Mises \u00e0 jour de la politique en mati\u00e8re de cookies Le Responsable du traitement peut mettre \u00e0 jour la pr\u00e9sente Politique en mati\u00e8re de cookies \u00e0 tout moment. Les modifications seront publi\u00e9es sur cette page avec indication de la date de mise \u00e0 jour. 7. Contacts Pour toute demande ou information relative \u00e0 la pr\u00e9sente politique en mati\u00e8re de cookies : Email: info@larsistemi.com","og_url":"https:\/\/harvin.eu\/fr\/cookie-policy\/","og_site_name":"Vendita Distributori Automatici - Esperienza ventennale - Harvin","article_publisher":"https:\/\/www.facebook.com\/harvindistributoriautomatici","article_modified_time":"2026-02-06T18:20:56+00:00","twitter_card":"summary_large_image","twitter_misc":{"Est. reading time":"3 minutes"},"schema":{"@context":"https:\/\/schema.org","@graph":[{"@type":"WebPage","@id":"https:\/\/harvin.eu\/fr\/cookie-policy\/","url":"https:\/\/harvin.eu\/fr\/cookie-policy\/","name":"Cookie Policy","isPartOf":{"@id":"http:\/\/harvin.eu\/fr\/#website"},"datePublished":"2026-02-06T16:50:44+00:00","dateModified":"2026-02-06T18:20:56+00:00","breadcrumb":{"@id":"https:\/\/harvin.eu\/fr\/cookie-policy\/#breadcrumb"},"inLanguage":"fr-FR","potentialAction":[{"@type":"ReadAction","target":["https:\/\/harvin.eu\/fr\/cookie-policy\/"]}]},{"@type":"BreadcrumbList","@id":"https:\/\/harvin.eu\/fr\/cookie-policy\/#breadcrumb","itemListElement":[{"@type":"ListItem","position":1,"name":"Home","item":"https:\/\/harvin.eu\/fr\/accueil\/"},{"@type":"ListItem","position":2,"name":"Cookie Policy"}]},{"@type":"WebSite","@id":"http:\/\/harvin.eu\/fr\/#website","url":"http:\/\/harvin.eu\/fr\/","name":"Vendita Distributori Automatici - Harvin","description":"Vendita Distributori Automatici - Esperienza ventennale - Harvin","potentialAction":[{"@type":"SearchAction","target":{"@type":"EntryPoint","urlTemplate":"http:\/\/harvin.eu\/fr\/?s={search_term_string}"},"query-input":{"@type":"PropertyValueSpecification","valueRequired":true,"valueName":"search_term_string"}}],"inLanguage":"fr-FR"}]}},"_links":{"self":[{"href":"https:\/\/harvin.eu\/fr\/wp-json\/wp\/v2\/pages\/248637","targetHints":{"allow":["GET"]}}],"collection":[{"href":"https:\/\/harvin.eu\/fr\/wp-json\/wp\/v2\/pages"}],"about":[{"href":"https:\/\/harvin.eu\/fr\/wp-json\/wp\/v2\/types\/page"}],"author":[{"embeddable":true,"href":"https:\/\/harvin.eu\/fr\/wp-json\/wp\/v2\/users\/2"}],"replies":[{"embeddable":true,"href":"https:\/\/harvin.eu\/fr\/wp-json\/wp\/v2\/comments?post=248637"}],"version-history":[{"count":1,"href":"https:\/\/harvin.eu\/fr\/wp-json\/wp\/v2\/pages\/248637\/revisions"}],"predecessor-version":[{"id":248638,"href":"https:\/\/harvin.eu\/fr\/wp-json\/wp\/v2\/pages\/248637\/revisions\/248638"}],"wp:attachment":[{"href":"https:\/\/harvin.eu\/fr\/wp-json\/wp\/v2\/media?parent=248637"}],"curies":[{"name":"wp","href":"https:\/\/api.w.org\/{rel}","templated":true}]}}