{"id":244380,"date":"2025-07-01T23:31:14","date_gmt":"2025-07-01T22:31:14","guid":{"rendered":"https:\/\/plum-stingray-604798.hostingersite.com\/esclave-et-caissier-automatique\/"},"modified":"2026-02-06T16:34:18","modified_gmt":"2026-02-06T15:34:18","slug":"esclave-et-caissier-automatique","status":"publish","type":"page","link":"https:\/\/harvin.eu\/fr\/esclave-et-caissier-automatique\/","title":{"rendered":"Caisse automatique et distributeur slave"},"content":{"rendered":"\t\t<div data-elementor-type=\"wp-page\" data-elementor-id=\"244380\" class=\"elementor elementor-244380 elementor-41\" data-elementor-post-type=\"page\">\n\t\t\t\t<div class=\"has_eae_slider elementor-element elementor-element-b80c3f e-flex e-con-boxed wpr-particle-no wpr-jarallax-no wpr-parallax-no wpr-sticky-section-no e-con e-parent\" data-eae-slider=\"38038\" data-id=\"b80c3f\" data-element_type=\"container\" data-settings=\"{&quot;background_background&quot;:&quot;classic&quot;,&quot;shape_divider_bottom_negative&quot;:&quot;yes&quot;,&quot;shape_divider_bottom&quot;:&quot;waves&quot;}\">\n\t\t\t\t\t<div class=\"e-con-inner\">\n\t\t\t\t<div class=\"elementor-shape elementor-shape-bottom\" aria-hidden=\"true\" data-negative=\"true\">\n\t\t\t<svg xmlns=\"http:\/\/www.w3.org\/2000\/svg\" viewBox=\"0 0 1000 100\" preserveAspectRatio=\"none\">\n\t<path class=\"elementor-shape-fill\" d=\"M790.5,93.1c-59.3-5.3-116.8-18-192.6-50c-29.6-12.7-76.9-31-100.5-35.9c-23.6-4.9-52.6-7.8-75.5-5.3\n\tc-10.2,1.1-22.6,1.4-50.1,7.4c-27.2,6.3-58.2,16.6-79.4,24.7c-41.3,15.9-94.9,21.9-134,22.6C72,58.2,0,25.8,0,25.8V100h1000V65.3\n\tc0,0-51.5,19.4-106.2,25.7C839.5,97,814.1,95.2,790.5,93.1z\"\/>\n<\/svg>\t\t<\/div>\n\t\t\t\t<div class=\"elementor-element elementor-element-3af5cf7e elementor-widget elementor-widget-heading\" data-id=\"3af5cf7e\" data-element_type=\"widget\" data-widget_type=\"heading.default\">\n\t\t\t\t\t<h1 class=\"elementor-heading-title elementor-size-default\">Esclave et caissier <span style=\"color:#51AC51\">automatique <\/span> <\/h1>\t\t\t\t<\/div>\n\t\t\t\t<div class=\"elementor-element elementor-element-257d5094 elementor-widget elementor-widget-text-editor\" data-id=\"257d5094\" data-element_type=\"widget\" data-widget_type=\"text-editor.default\">\n\t\t\t\t\t\t\t\t\t<p>Harvin compl\u00e8te sa gamme avec une s\u00e9rie de MODULES ESCLAVES R\u00c9FRIG\u00c9R\u00c9S pour la vente de produits avec diff\u00e9rents emballages, tels que : snacks, boissons non alcoolis\u00e9es, sacs, pots, paquets cadeaux et produits de chanvre l\u00e9ger. Outre les distributeurs automatiques tactiles, les modules esclaves peuvent \u00e9galement \u00eatre pilot\u00e9s par le nouveau distributeur automatique de billets Unika, qui vous permet de cr\u00e9er votre propre espace Self 24, votre propre magasin automatique. <\/p>\t\t\t\t\t\t\t\t<\/div>\n\t\t\t\t<div class=\"elementor-element elementor-element-2444bb45 animated-slow elementor-invisible elementor-widget elementor-widget-button\" data-id=\"2444bb45\" data-element_type=\"widget\" data-settings=\"{&quot;_animation&quot;:&quot;fadeInDown&quot;}\" data-widget_type=\"button.default\">\n\t\t\t\t\t\t\t\t\t\t<a class=\"elementor-button elementor-button-link elementor-size-sm\" href=\"https:\/\/harvin.eu\/contatti\/\">\n\t\t\t\t\t\t<span class=\"elementor-button-content-wrapper\">\n\t\t\t\t\t\t\t\t\t<span class=\"elementor-button-text\">  CONTACTEZ-NOUS<\/span>\n\t\t\t\t\t<\/span>\n\t\t\t\t\t<\/a>\n\t\t\t\t\t\t\t\t<\/div>\n\t\t\t\t\t<\/div>\n\t\t\t\t<\/div>\n\t\t<div class=\"has_eae_slider elementor-element elementor-element-079a3ce e-flex e-con-boxed wpr-particle-no wpr-jarallax-no wpr-parallax-no wpr-sticky-section-no e-con e-parent\" data-eae-slider=\"84988\" data-id=\"079a3ce\" data-element_type=\"container\" data-settings=\"{&quot;background_background&quot;:&quot;classic&quot;}\">\n\t\t\t\t\t<div class=\"e-con-inner\">\n\t\t\t\t<div class=\"elementor-element elementor-element-68ea8f8 elementor-widget__width-initial elementor-widget elementor-widget-heading\" data-id=\"68ea8f8\" data-element_type=\"widget\" data-widget_type=\"heading.default\">\n\t\t\t\t\t<h1 class=\"elementor-heading-title elementor-size-default\">Nos produits<\/h1>\t\t\t\t<\/div>\n\t\t\t\t\t<\/div>\n\t\t\t\t<\/div>\n\t\t<div class=\"has_eae_slider elementor-element elementor-element-4026b7a e-grid e-con-boxed wpr-particle-no wpr-jarallax-no wpr-parallax-no wpr-sticky-section-no e-con e-parent\" data-eae-slider=\"34723\" data-id=\"4026b7a\" data-element_type=\"container\">\n\t\t\t\t\t<div class=\"e-con-inner\">\n\t\t\t\t<div class=\"elementor-element elementor-element-6965e3c elementor-position-top elementor-widget elementor-widget-image-box\" data-id=\"6965e3c\" data-element_type=\"widget\" data-widget_type=\"image-box.default\">\n\t\t\t\t\t<div class=\"elementor-image-box-wrapper\"><figure class=\"elementor-image-box-img\"><a href=\"https:\/\/harvin.eu\/fr\/master-mix\/\" tabindex=\"-1\"><img fetchpriority=\"high\" decoding=\"async\" width=\"600\" height=\"600\" src=\"https:\/\/harvin.eu\/wp-content\/uploads\/2025\/09\/harvin-master-mix-24-refrigerato-it.png\" class=\"attachment-full size-full wp-image-244382\" alt=\"Module esclave r\u00e9frig\u00e9r\u00e9 Master Mix avec 24 s\u00e9lections, double porte avant\/arri\u00e8re, verre incassable et capteurs de s\u00e9curit\u00e9\" srcset=\"https:\/\/harvin.eu\/wp-content\/uploads\/2025\/09\/harvin-master-mix-24-refrigerato-it.png 600w, https:\/\/harvin.eu\/wp-content\/uploads\/2025\/09\/harvin-master-mix-24-refrigerato-it-300x300.png 300w, https:\/\/harvin.eu\/wp-content\/uploads\/2025\/09\/harvin-master-mix-24-refrigerato-it-150x150.png 150w\" sizes=\"(max-width: 600px) 100vw, 600px\" \/><\/a><\/figure><div class=\"elementor-image-box-content\"><h4 class=\"elementor-image-box-title\"><a href=\"https:\/\/harvin.eu\/fr\/master-mix\/\">Master Mix<\/a><\/h4><\/div><\/div>\t\t\t\t<\/div>\n\t\t\t\t<div class=\"elementor-element elementor-element-919fdb7 elementor-position-top elementor-widget elementor-widget-image-box\" data-id=\"919fdb7\" data-element_type=\"widget\" data-widget_type=\"image-box.default\">\n\t\t\t\t\t<div class=\"elementor-image-box-wrapper\"><figure class=\"elementor-image-box-img\"><a href=\"https:\/\/harvin.eu\/fr\/modules-master-slave-refrigeres\/\" tabindex=\"-1\"><img decoding=\"async\" width=\"584\" height=\"686\" src=\"https:\/\/harvin.eu\/wp-content\/uploads\/2025\/10\/master-slaveFR.jpg\" class=\"attachment-full size-full wp-image-244381\" alt=\"Module esclave r\u00e9frig\u00e9r\u00e9 Harvin avec vitrine \u00e9clair\u00e9e et sortie blind\u00e9e pour les produits \u00e0 temp\u00e9rature contr\u00f4l\u00e9e\" srcset=\"https:\/\/harvin.eu\/wp-content\/uploads\/2025\/10\/master-slaveFR.jpg 584w, https:\/\/harvin.eu\/wp-content\/uploads\/2025\/10\/master-slaveFR-255x300.jpg 255w\" sizes=\"(max-width: 584px) 100vw, 584px\" \/><\/a><\/figure><div class=\"elementor-image-box-content\"><h4 class=\"elementor-image-box-title\"><a href=\"https:\/\/harvin.eu\/fr\/modules-master-slave-refrigeres\/\">Modules Master Slave r\u00e9frig\u00e9r\u00e9s<\/a><\/h4><\/div><\/div>\t\t\t\t<\/div>\n\t\t\t\t<div class=\"elementor-element elementor-element-69f2e12 elementor-position-top elementor-widget elementor-widget-image-box\" data-id=\"69f2e12\" data-element_type=\"widget\" data-widget_type=\"image-box.default\">\n\t\t\t\t\t<div class=\"elementor-image-box-wrapper\"><figure class=\"elementor-image-box-img\"><a href=\"https:\/\/harvin.eu\/fr\/caisse-automatique-unika\/\" tabindex=\"-1\"><img decoding=\"async\" width=\"378\" height=\"1000\" src=\"https:\/\/harvin.eu\/wp-content\/uploads\/2025\/07\/unika-1.png\" class=\"attachment-full size-full wp-image-243554\" alt=\"\" srcset=\"https:\/\/harvin.eu\/wp-content\/uploads\/2025\/07\/unika-1.png 378w, https:\/\/harvin.eu\/wp-content\/uploads\/2025\/07\/unika-1-113x300.png 113w\" sizes=\"(max-width: 378px) 100vw, 378px\" \/><\/a><\/figure><div class=\"elementor-image-box-content\"><h4 class=\"elementor-image-box-title\"><a href=\"https:\/\/harvin.eu\/fr\/caisse-automatique-unika\/\">Caisse automatique Unika<\/a><\/h4><\/div><\/div>\t\t\t\t<\/div>\n\t\t\t\t\t<\/div>\n\t\t\t\t<\/div>\n\t\t<div class=\"has_eae_slider elementor-element elementor-element-7c2eb94 e-flex e-con-boxed wpr-particle-no wpr-jarallax-no wpr-parallax-no wpr-sticky-section-no e-con e-parent\" data-eae-slider=\"4147\" data-id=\"7c2eb94\" data-element_type=\"container\" data-settings=\"{&quot;background_background&quot;:&quot;classic&quot;,&quot;shape_divider_top&quot;:&quot;waves&quot;,&quot;shape_divider_top_negative&quot;:&quot;yes&quot;}\">\n\t\t\t\t\t<div class=\"e-con-inner\">\n\t\t\t\t<div class=\"elementor-shape elementor-shape-top\" aria-hidden=\"true\" data-negative=\"true\">\n\t\t\t<svg xmlns=\"http:\/\/www.w3.org\/2000\/svg\" viewBox=\"0 0 1000 100\" preserveAspectRatio=\"none\">\n\t<path class=\"elementor-shape-fill\" d=\"M790.5,93.1c-59.3-5.3-116.8-18-192.6-50c-29.6-12.7-76.9-31-100.5-35.9c-23.6-4.9-52.6-7.8-75.5-5.3\n\tc-10.2,1.1-22.6,1.4-50.1,7.4c-27.2,6.3-58.2,16.6-79.4,24.7c-41.3,15.9-94.9,21.9-134,22.6C72,58.2,0,25.8,0,25.8V100h1000V65.3\n\tc0,0-51.5,19.4-106.2,25.7C839.5,97,814.1,95.2,790.5,93.1z\"\/>\n<\/svg>\t\t<\/div>\n\t\t\t\t<div class=\"elementor-element elementor-element-b2d616a elementor-invisible elementor-widget elementor-widget-heading\" data-id=\"b2d616a\" data-element_type=\"widget\" data-settings=\"{&quot;_animation&quot;:&quot;fadeInLeft&quot;}\" data-widget_type=\"heading.default\">\n\t\t\t\t\t<h1 class=\"elementor-heading-title elementor-size-default\">Avez vous besoin de plus d'informations ?<\/h1>\t\t\t\t<\/div>\n\t\t\t\t<div class=\"elementor-element elementor-element-8ca5123 animated-slow elementor-mobile-align-center elementor-invisible elementor-widget elementor-widget-button\" data-id=\"8ca5123\" data-element_type=\"widget\" data-settings=\"{&quot;_animation&quot;:&quot;fadeInRight&quot;}\" data-widget_type=\"button.default\">\n\t\t\t\t\t\t\t\t\t\t<a class=\"elementor-button elementor-button-link elementor-size-sm\" href=\"https:\/\/harvin.eu\/contatti\/\">\n\t\t\t\t\t\t<span class=\"elementor-button-content-wrapper\">\n\t\t\t\t\t\t\t\t\t<span class=\"elementor-button-text\">CONTACTEZ-NOUS<\/span>\n\t\t\t\t\t<\/span>\n\t\t\t\t\t<\/a>\n\t\t\t\t\t\t\t\t<\/div>\n\t\t\t\t\t<\/div>\n\t\t\t\t<\/div>\n\t\t\t\t<\/div>\n\t\t","protected":false},"excerpt":{"rendered":"<p>Esclave et caissier automatique Harvin compl\u00e8te sa gamme avec une s\u00e9rie de MODULES ESCLAVES R\u00c9FRIG\u00c9R\u00c9S pour la vente de produits avec diff\u00e9rents emballages, tels que : snacks, boissons non alcoolis\u00e9es, sacs, pots, paquets cadeaux et produits de chanvre l\u00e9ger. Outre les distributeurs automatiques tactiles, les modules esclaves peuvent \u00e9galement \u00eatre pilot\u00e9s par le nouveau distributeur automatique de billets Unika, qui vous permet de cr\u00e9er votre propre espace Self 24, votre propre magasin automatique. CONTACTEZ-NOUS Nos produits Master Mix Modules Master Slave r\u00e9frig\u00e9r\u00e9s Caisse automatique Unika Avez vous besoin de plus d&#8217;informations ? CONTACTEZ-NOUS<\/p>\n","protected":false},"author":2,"featured_media":0,"parent":0,"menu_order":0,"comment_status":"closed","ping_status":"closed","template":"","meta":{"footnotes":""},"class_list":["post-244380","page","type-page","status-publish","hentry"],"blocksy_meta":[],"yoast_head":"<!-- This site is optimized with the Yoast SEO plugin v26.5 - https:\/\/yoast.com\/wordpress\/plugins\/seo\/ -->\n<title>Esclave et caisse automatique pour distributeurs automatiques Harvin<\/title>\n<meta name=\"description\" content=\"Esclave et caisse automatique Harvin avec modules esclaves r\u00e9frig\u00e9r\u00e9s et caisse Unika pour cr\u00e9er des zones self-service 24h\/24 avec distributeurs automatiques.\" \/>\n<meta name=\"robots\" content=\"index, follow, max-snippet:-1, max-image-preview:large, max-video-preview:-1\" \/>\n<link rel=\"canonical\" href=\"https:\/\/harvin.eu\/fr\/esclave-et-caissier-automatique\/\" \/>\n<meta property=\"og:locale\" content=\"fr_FR\" \/>\n<meta property=\"og:type\" content=\"article\" \/>\n<meta property=\"og:title\" content=\"Esclave et caisse automatique pour distributeurs automatiques Harvin\" \/>\n<meta property=\"og:description\" content=\"Esclave et caisse automatique Harvin avec modules esclaves r\u00e9frig\u00e9r\u00e9s et caisse Unika pour cr\u00e9er des zones self-service 24h\/24 avec distributeurs automatiques.\" \/>\n<meta property=\"og:url\" content=\"https:\/\/harvin.eu\/fr\/esclave-et-caissier-automatique\/\" \/>\n<meta property=\"og:site_name\" content=\"Vendita Distributori Automatici - Esperienza ventennale - Harvin\" \/>\n<meta property=\"article:publisher\" content=\"https:\/\/www.facebook.com\/harvindistributoriautomatici\" \/>\n<meta property=\"article:modified_time\" content=\"2026-02-06T15:34:18+00:00\" \/>\n<meta property=\"og:image\" content=\"https:\/\/harvin.eu\/wp-content\/uploads\/2025\/09\/harvin-master-mix-24-refrigerato-it.png\" \/>\n\t<meta property=\"og:image:width\" content=\"600\" \/>\n\t<meta property=\"og:image:height\" content=\"600\" \/>\n\t<meta property=\"og:image:type\" content=\"image\/png\" \/>\n<meta name=\"twitter:card\" content=\"summary_large_image\" \/>\n<meta name=\"twitter:label1\" content=\"Est. reading time\" \/>\n\t<meta name=\"twitter:data1\" content=\"1 minute\" \/>\n<script type=\"application\/ld+json\" class=\"yoast-schema-graph\">{\"@context\":\"https:\/\/schema.org\",\"@graph\":[{\"@type\":\"WebPage\",\"@id\":\"https:\/\/harvin.eu\/fr\/esclave-et-caissier-automatique\/\",\"url\":\"https:\/\/harvin.eu\/fr\/esclave-et-caissier-automatique\/\",\"name\":\"Esclave et caisse automatique pour distributeurs automatiques Harvin\",\"isPartOf\":{\"@id\":\"http:\/\/harvin.eu\/fr\/#website\"},\"primaryImageOfPage\":{\"@id\":\"https:\/\/harvin.eu\/fr\/esclave-et-caissier-automatique\/#primaryimage\"},\"image\":{\"@id\":\"https:\/\/harvin.eu\/fr\/esclave-et-caissier-automatique\/#primaryimage\"},\"thumbnailUrl\":\"https:\/\/harvin.eu\/wp-content\/uploads\/2025\/09\/harvin-master-mix-24-refrigerato-it.png\",\"datePublished\":\"2025-07-01T22:31:14+00:00\",\"dateModified\":\"2026-02-06T15:34:18+00:00\",\"description\":\"Esclave et caisse automatique Harvin avec modules esclaves r\u00e9frig\u00e9r\u00e9s et caisse Unika pour cr\u00e9er des zones self-service 24h\/24 avec distributeurs automatiques.\",\"breadcrumb\":{\"@id\":\"https:\/\/harvin.eu\/fr\/esclave-et-caissier-automatique\/#breadcrumb\"},\"inLanguage\":\"fr-FR\",\"potentialAction\":[{\"@type\":\"ReadAction\",\"target\":[\"https:\/\/harvin.eu\/fr\/esclave-et-caissier-automatique\/\"]}]},{\"@type\":\"ImageObject\",\"inLanguage\":\"fr-FR\",\"@id\":\"https:\/\/harvin.eu\/fr\/esclave-et-caissier-automatique\/#primaryimage\",\"url\":\"https:\/\/harvin.eu\/wp-content\/uploads\/2025\/09\/harvin-master-mix-24-refrigerato-it.png\",\"contentUrl\":\"https:\/\/harvin.eu\/wp-content\/uploads\/2025\/09\/harvin-master-mix-24-refrigerato-it.png\"},{\"@type\":\"BreadcrumbList\",\"@id\":\"https:\/\/harvin.eu\/fr\/esclave-et-caissier-automatique\/#breadcrumb\",\"itemListElement\":[{\"@type\":\"ListItem\",\"position\":1,\"name\":\"Home\",\"item\":\"https:\/\/harvin.eu\/fr\/accueil\/\"},{\"@type\":\"ListItem\",\"position\":2,\"name\":\"Caisse automatique et distributeur slave\"}]},{\"@type\":\"WebSite\",\"@id\":\"http:\/\/harvin.eu\/fr\/#website\",\"url\":\"http:\/\/harvin.eu\/fr\/\",\"name\":\"Vendita Distributori Automatici - Harvin\",\"description\":\"Vendita Distributori Automatici - Esperienza ventennale - Harvin\",\"potentialAction\":[{\"@type\":\"SearchAction\",\"target\":{\"@type\":\"EntryPoint\",\"urlTemplate\":\"http:\/\/harvin.eu\/fr\/?s={search_term_string}\"},\"query-input\":{\"@type\":\"PropertyValueSpecification\",\"valueRequired\":true,\"valueName\":\"search_term_string\"}}],\"inLanguage\":\"fr-FR\"}]}<\/script>\n<!-- \/ Yoast SEO plugin. -->","yoast_head_json":{"title":"Esclave et caisse automatique pour distributeurs automatiques Harvin","description":"Esclave et caisse automatique Harvin avec modules esclaves r\u00e9frig\u00e9r\u00e9s et caisse Unika pour cr\u00e9er des zones self-service 24h\/24 avec distributeurs automatiques.","robots":{"index":"index","follow":"follow","max-snippet":"max-snippet:-1","max-image-preview":"max-image-preview:large","max-video-preview":"max-video-preview:-1"},"canonical":"https:\/\/harvin.eu\/fr\/esclave-et-caissier-automatique\/","og_locale":"fr_FR","og_type":"article","og_title":"Esclave et caisse automatique pour distributeurs automatiques Harvin","og_description":"Esclave et caisse automatique Harvin avec modules esclaves r\u00e9frig\u00e9r\u00e9s et caisse Unika pour cr\u00e9er des zones self-service 24h\/24 avec distributeurs automatiques.","og_url":"https:\/\/harvin.eu\/fr\/esclave-et-caissier-automatique\/","og_site_name":"Vendita Distributori Automatici - Esperienza ventennale - Harvin","article_publisher":"https:\/\/www.facebook.com\/harvindistributoriautomatici","article_modified_time":"2026-02-06T15:34:18+00:00","og_image":[{"width":600,"height":600,"url":"https:\/\/harvin.eu\/wp-content\/uploads\/2025\/09\/harvin-master-mix-24-refrigerato-it.png","type":"image\/png"}],"twitter_card":"summary_large_image","twitter_misc":{"Est. reading time":"1 minute"},"schema":{"@context":"https:\/\/schema.org","@graph":[{"@type":"WebPage","@id":"https:\/\/harvin.eu\/fr\/esclave-et-caissier-automatique\/","url":"https:\/\/harvin.eu\/fr\/esclave-et-caissier-automatique\/","name":"Esclave et caisse automatique pour distributeurs automatiques Harvin","isPartOf":{"@id":"http:\/\/harvin.eu\/fr\/#website"},"primaryImageOfPage":{"@id":"https:\/\/harvin.eu\/fr\/esclave-et-caissier-automatique\/#primaryimage"},"image":{"@id":"https:\/\/harvin.eu\/fr\/esclave-et-caissier-automatique\/#primaryimage"},"thumbnailUrl":"https:\/\/harvin.eu\/wp-content\/uploads\/2025\/09\/harvin-master-mix-24-refrigerato-it.png","datePublished":"2025-07-01T22:31:14+00:00","dateModified":"2026-02-06T15:34:18+00:00","description":"Esclave et caisse automatique Harvin avec modules esclaves r\u00e9frig\u00e9r\u00e9s et caisse Unika pour cr\u00e9er des zones self-service 24h\/24 avec distributeurs automatiques.","breadcrumb":{"@id":"https:\/\/harvin.eu\/fr\/esclave-et-caissier-automatique\/#breadcrumb"},"inLanguage":"fr-FR","potentialAction":[{"@type":"ReadAction","target":["https:\/\/harvin.eu\/fr\/esclave-et-caissier-automatique\/"]}]},{"@type":"ImageObject","inLanguage":"fr-FR","@id":"https:\/\/harvin.eu\/fr\/esclave-et-caissier-automatique\/#primaryimage","url":"https:\/\/harvin.eu\/wp-content\/uploads\/2025\/09\/harvin-master-mix-24-refrigerato-it.png","contentUrl":"https:\/\/harvin.eu\/wp-content\/uploads\/2025\/09\/harvin-master-mix-24-refrigerato-it.png"},{"@type":"BreadcrumbList","@id":"https:\/\/harvin.eu\/fr\/esclave-et-caissier-automatique\/#breadcrumb","itemListElement":[{"@type":"ListItem","position":1,"name":"Home","item":"https:\/\/harvin.eu\/fr\/accueil\/"},{"@type":"ListItem","position":2,"name":"Caisse automatique et distributeur slave"}]},{"@type":"WebSite","@id":"http:\/\/harvin.eu\/fr\/#website","url":"http:\/\/harvin.eu\/fr\/","name":"Vendita Distributori Automatici - Harvin","description":"Vendita Distributori Automatici - Esperienza ventennale - Harvin","potentialAction":[{"@type":"SearchAction","target":{"@type":"EntryPoint","urlTemplate":"http:\/\/harvin.eu\/fr\/?s={search_term_string}"},"query-input":{"@type":"PropertyValueSpecification","valueRequired":true,"valueName":"search_term_string"}}],"inLanguage":"fr-FR"}]}},"_links":{"self":[{"href":"https:\/\/harvin.eu\/fr\/wp-json\/wp\/v2\/pages\/244380","targetHints":{"allow":["GET"]}}],"collection":[{"href":"https:\/\/harvin.eu\/fr\/wp-json\/wp\/v2\/pages"}],"about":[{"href":"https:\/\/harvin.eu\/fr\/wp-json\/wp\/v2\/types\/page"}],"author":[{"embeddable":true,"href":"https:\/\/harvin.eu\/fr\/wp-json\/wp\/v2\/users\/2"}],"replies":[{"embeddable":true,"href":"https:\/\/harvin.eu\/fr\/wp-json\/wp\/v2\/comments?post=244380"}],"version-history":[{"count":13,"href":"https:\/\/harvin.eu\/fr\/wp-json\/wp\/v2\/pages\/244380\/revisions"}],"predecessor-version":[{"id":248607,"href":"https:\/\/harvin.eu\/fr\/wp-json\/wp\/v2\/pages\/244380\/revisions\/248607"}],"wp:attachment":[{"href":"https:\/\/harvin.eu\/fr\/wp-json\/wp\/v2\/media?parent=244380"}],"curies":[{"name":"wp","href":"https:\/\/api.w.org\/{rel}","templated":true}]}}