{"id":244393,"date":"2025-07-01T23:31:14","date_gmt":"2025-07-01T22:31:14","guid":{"rendered":"https:\/\/plum-stingray-604798.hostingersite.com\/verkaufsautomaten-fuer-elektronische-zigaretten\/"},"modified":"2025-11-18T18:12:28","modified_gmt":"2025-11-18T17:12:28","slug":"verkaufsautomaten-fuer-elektronische-zigaretten","status":"publish","type":"page","link":"https:\/\/harvin.eu\/de\/verkaufsautomaten-fuer-elektronische-zigaretten\/","title":{"rendered":"Verkaufsautomaten f\u00fcr elektronische Zigaretten"},"content":{"rendered":"\t\t<div data-elementor-type=\"wp-page\" data-elementor-id=\"244393\" class=\"elementor elementor-244393 elementor-40\" data-elementor-post-type=\"page\">\n\t\t\t\t<div class=\"has_eae_slider elementor-element elementor-element-21f1b0bf e-flex e-con-boxed wpr-particle-no wpr-jarallax-no wpr-parallax-no wpr-sticky-section-no e-con e-parent\" data-eae-slider=\"6108\" data-id=\"21f1b0bf\" data-element_type=\"container\" data-settings=\"{&quot;background_background&quot;:&quot;classic&quot;,&quot;shape_divider_bottom_negative&quot;:&quot;yes&quot;,&quot;shape_divider_bottom&quot;:&quot;waves&quot;}\">\n\t\t\t\t\t<div class=\"e-con-inner\">\n\t\t\t\t<div class=\"elementor-shape elementor-shape-bottom\" aria-hidden=\"true\" data-negative=\"true\">\n\t\t\t<svg xmlns=\"http:\/\/www.w3.org\/2000\/svg\" viewBox=\"0 0 1000 100\" preserveAspectRatio=\"none\">\n\t<path class=\"elementor-shape-fill\" d=\"M790.5,93.1c-59.3-5.3-116.8-18-192.6-50c-29.6-12.7-76.9-31-100.5-35.9c-23.6-4.9-52.6-7.8-75.5-5.3\n\tc-10.2,1.1-22.6,1.4-50.1,7.4c-27.2,6.3-58.2,16.6-79.4,24.7c-41.3,15.9-94.9,21.9-134,22.6C72,58.2,0,25.8,0,25.8V100h1000V65.3\n\tc0,0-51.5,19.4-106.2,25.7C839.5,97,814.1,95.2,790.5,93.1z\"\/>\n<\/svg>\t\t<\/div>\n\t\t\t\t<div class=\"elementor-element elementor-element-1e2e9e2e elementor-widget elementor-widget-heading\" data-id=\"1e2e9e2e\" data-element_type=\"widget\" data-widget_type=\"heading.default\">\n\t\t\t\t\t<h1 class=\"elementor-heading-title elementor-size-default\">Verkaufsautomaten f\u00fcr <span style=\"color:#51AC51\">elektronische <\/span> Zigaretten  <\/h1>\t\t\t\t<\/div>\n\t\t\t\t<div class=\"elementor-element elementor-element-177e9d69 elementor-widget elementor-widget-text-editor\" data-id=\"177e9d69\" data-element_type=\"widget\" data-widget_type=\"text-editor.default\">\n\t\t\t\t\t\t\t\t\t<p>Mit \u00fcber 20 Jahren Erfahrung in der Automatenindustrie ist Harvin der beste L\u00f6sungsanbieter f\u00fcr Ihr Unternehmen. Der speziell entwickelte Verkaufsautomat f\u00fcr elektronische Zigarettenfl\u00fcssigkeiten und Einwegzigaretten <\/p>\t\t\t\t\t\t\t\t<\/div>\n\t\t\t\t<div class=\"elementor-element elementor-element-1e44c1d7 animated-slow elementor-invisible elementor-widget elementor-widget-button\" data-id=\"1e44c1d7\" data-element_type=\"widget\" data-settings=\"{&quot;_animation&quot;:&quot;fadeInDown&quot;}\" data-widget_type=\"button.default\">\n\t\t\t\t\t\t\t\t\t\t<a class=\"elementor-button elementor-button-link elementor-size-sm\" href=\"https:\/\/harvin.eu\/contatti\/\">\n\t\t\t\t\t\t<span class=\"elementor-button-content-wrapper\">\n\t\t\t\t\t\t\t\t\t<span class=\"elementor-button-text\">KONTAKTIEREN SIE UNS<\/span>\n\t\t\t\t\t<\/span>\n\t\t\t\t\t<\/a>\n\t\t\t\t\t\t\t\t<\/div>\n\t\t\t\t\t<\/div>\n\t\t\t\t<\/div>\n\t\t<div class=\"has_eae_slider elementor-element elementor-element-7d53056e e-flex e-con-boxed wpr-particle-no wpr-jarallax-no wpr-parallax-no wpr-sticky-section-no e-con e-parent\" data-eae-slider=\"85582\" data-id=\"7d53056e\" data-element_type=\"container\" data-settings=\"{&quot;background_background&quot;:&quot;classic&quot;}\">\n\t\t\t\t\t<div class=\"e-con-inner\">\n\t\t\t\t<div class=\"elementor-element elementor-element-7a524101 elementor-widget__width-initial elementor-widget elementor-widget-heading\" data-id=\"7a524101\" data-element_type=\"widget\" data-widget_type=\"heading.default\">\n\t\t\t\t\t<h1 class=\"elementor-heading-title elementor-size-default\">Unsere Produkte<\/h1>\t\t\t\t<\/div>\n\t\t\t\t\t<\/div>\n\t\t\t\t<\/div>\n\t\t<div class=\"has_eae_slider elementor-element elementor-element-2d94098 e-grid e-con-boxed wpr-particle-no wpr-jarallax-no wpr-parallax-no wpr-sticky-section-no e-con e-parent\" data-eae-slider=\"55982\" data-id=\"2d94098\" data-element_type=\"container\" data-settings=\"{&quot;background_background&quot;:&quot;classic&quot;}\">\n\t\t\t\t\t<div class=\"e-con-inner\">\n\t\t\t\t<div class=\"elementor-element elementor-element-f229502 elementor-position-top elementor-widget elementor-widget-image-box\" data-id=\"f229502\" data-element_type=\"widget\" data-widget_type=\"image-box.default\">\n\t\t\t\t\t<div class=\"elementor-image-box-wrapper\"><figure class=\"elementor-image-box-img\"><a href=\"https:\/\/harvin.eu\/de\/baby-e-vapor-18-touch\/\" tabindex=\"-1\"><img fetchpriority=\"high\" decoding=\"async\" width=\"400\" height=\"900\" src=\"https:\/\/harvin.eu\/wp-content\/uploads\/2025\/07\/BABY-evapor.png\" class=\"attachment-full size-full wp-image-243530\" alt=\"Baby E-Vapor 18 Verkaufsautomaten f\u00fcr elektronische Zigaretten und Liquids mit Touchscreen\" srcset=\"https:\/\/harvin.eu\/wp-content\/uploads\/2025\/07\/BABY-evapor.png 400w, https:\/\/harvin.eu\/wp-content\/uploads\/2025\/07\/BABY-evapor-133x300.png 133w\" sizes=\"(max-width: 400px) 100vw, 400px\" \/><\/a><\/figure><div class=\"elementor-image-box-content\"><h4 class=\"elementor-image-box-title\"><a href=\"https:\/\/harvin.eu\/de\/baby-e-vapor-18-touch\/\">Baby E-Vapor 18 Touch<\/a><\/h4><\/div><\/div>\t\t\t\t<\/div>\n\t\t\t\t<div class=\"elementor-element elementor-element-f469dc5 elementor-position-top elementor-widget elementor-widget-image-box\" data-id=\"f469dc5\" data-element_type=\"widget\" data-widget_type=\"image-box.default\">\n\t\t\t\t\t<div class=\"elementor-image-box-wrapper\"><figure class=\"elementor-image-box-img\"><a href=\"https:\/\/harvin.eu\/de\/e-dampf-sklave-32\/\" tabindex=\"-1\"><img decoding=\"async\" width=\"338\" height=\"900\" src=\"https:\/\/harvin.eu\/wp-content\/uploads\/2025\/07\/SLAVE-evapor.png\" class=\"attachment-large size-large wp-image-243532\" alt=\"\" srcset=\"https:\/\/harvin.eu\/wp-content\/uploads\/2025\/07\/SLAVE-evapor.png 338w, https:\/\/harvin.eu\/wp-content\/uploads\/2025\/07\/SLAVE-evapor-113x300.png 113w\" sizes=\"(max-width: 338px) 100vw, 338px\" \/><\/a><\/figure><div class=\"elementor-image-box-content\"><h4 class=\"elementor-image-box-title\"><a href=\"https:\/\/harvin.eu\/de\/e-dampf-sklave-32\/\">E-Vapor Slave 32<\/a><\/h4><\/div><\/div>\t\t\t\t<\/div>\n\t\t\t\t<div class=\"elementor-element elementor-element-2f97405 elementor-position-top elementor-widget elementor-widget-image-box\" data-id=\"2f97405\" data-element_type=\"widget\" data-widget_type=\"image-box.default\">\n\t\t\t\t\t<div class=\"elementor-image-box-wrapper\"><figure class=\"elementor-image-box-img\"><a href=\"https:\/\/harvin.eu\/de\/e-vapor-l40\/\" tabindex=\"-1\"><img decoding=\"async\" width=\"317\" height=\"900\" src=\"https:\/\/harvin.eu\/wp-content\/uploads\/2025\/07\/L-evapor.png\" class=\"attachment-full size-full wp-image-243531\" alt=\"\" srcset=\"https:\/\/harvin.eu\/wp-content\/uploads\/2025\/07\/L-evapor.png 317w, https:\/\/harvin.eu\/wp-content\/uploads\/2025\/07\/L-evapor-106x300.png 106w\" sizes=\"(max-width: 317px) 100vw, 317px\" \/><\/a><\/figure><div class=\"elementor-image-box-content\"><h4 class=\"elementor-image-box-title\"><a href=\"https:\/\/harvin.eu\/de\/e-vapor-l40\/\">E-Vapor L40<\/a><\/h4><\/div><\/div>\t\t\t\t<\/div>\n\t\t\t\t<div class=\"elementor-element elementor-element-a66400f elementor-position-top elementor-widget elementor-widget-image-box\" data-id=\"a66400f\" data-element_type=\"widget\" data-widget_type=\"image-box.default\">\n\t\t\t\t\t<div class=\"elementor-image-box-wrapper\"><figure class=\"elementor-image-box-img\"><a href=\"https:\/\/harvin.eu\/de\/e-vapor-xl-60\/\" tabindex=\"-1\"><img loading=\"lazy\" decoding=\"async\" width=\"401\" height=\"900\" src=\"https:\/\/harvin.eu\/wp-content\/uploads\/2025\/07\/XL-evapor.png\" class=\"attachment-full size-full wp-image-243533\" alt=\"\" srcset=\"https:\/\/harvin.eu\/wp-content\/uploads\/2025\/07\/XL-evapor.png 401w, https:\/\/harvin.eu\/wp-content\/uploads\/2025\/07\/XL-evapor-134x300.png 134w\" sizes=\"(max-width: 401px) 100vw, 401px\" \/><\/a><\/figure><div class=\"elementor-image-box-content\"><h4 class=\"elementor-image-box-title\"><a href=\"https:\/\/harvin.eu\/de\/e-vapor-xl-60\/\">E-Vapor XL 60<\/a><\/h4><\/div><\/div>\t\t\t\t<\/div>\n\t\t\t\t\t<\/div>\n\t\t\t\t<\/div>\n\t\t<div class=\"has_eae_slider elementor-element elementor-element-35ff4b3 e-flex e-con-boxed wpr-particle-no wpr-jarallax-no wpr-parallax-no wpr-sticky-section-no e-con e-parent\" data-eae-slider=\"80189\" data-id=\"35ff4b3\" data-element_type=\"container\" data-settings=\"{&quot;background_background&quot;:&quot;classic&quot;,&quot;shape_divider_top&quot;:&quot;waves&quot;,&quot;shape_divider_top_negative&quot;:&quot;yes&quot;}\">\n\t\t\t\t\t<div class=\"e-con-inner\">\n\t\t\t\t<div class=\"elementor-shape elementor-shape-top\" aria-hidden=\"true\" data-negative=\"true\">\n\t\t\t<svg xmlns=\"http:\/\/www.w3.org\/2000\/svg\" viewBox=\"0 0 1000 100\" preserveAspectRatio=\"none\">\n\t<path class=\"elementor-shape-fill\" d=\"M790.5,93.1c-59.3-5.3-116.8-18-192.6-50c-29.6-12.7-76.9-31-100.5-35.9c-23.6-4.9-52.6-7.8-75.5-5.3\n\tc-10.2,1.1-22.6,1.4-50.1,7.4c-27.2,6.3-58.2,16.6-79.4,24.7c-41.3,15.9-94.9,21.9-134,22.6C72,58.2,0,25.8,0,25.8V100h1000V65.3\n\tc0,0-51.5,19.4-106.2,25.7C839.5,97,814.1,95.2,790.5,93.1z\"\/>\n<\/svg>\t\t<\/div>\n\t\t\t\t<div class=\"elementor-element elementor-element-193a66c7 elementor-invisible elementor-widget elementor-widget-heading\" data-id=\"193a66c7\" data-element_type=\"widget\" data-settings=\"{&quot;_animation&quot;:&quot;fadeInLeft&quot;}\" data-widget_type=\"heading.default\">\n\t\t\t\t\t<h1 class=\"elementor-heading-title elementor-size-default\">Ben\u00f6tigen Sie weitere Informationen?<\/h1>\t\t\t\t<\/div>\n\t\t\t\t<div class=\"elementor-element elementor-element-1033a9a1 animated-slow elementor-mobile-align-center elementor-invisible elementor-widget elementor-widget-button\" data-id=\"1033a9a1\" data-element_type=\"widget\" data-settings=\"{&quot;_animation&quot;:&quot;fadeInRight&quot;}\" data-widget_type=\"button.default\">\n\t\t\t\t\t\t\t\t\t\t<a class=\"elementor-button elementor-button-link elementor-size-sm\" href=\"https:\/\/harvin.eu\/contatti\/\">\n\t\t\t\t\t\t<span class=\"elementor-button-content-wrapper\">\n\t\t\t\t\t\t\t\t\t<span class=\"elementor-button-text\">KONTAKTIEREN SIE UNS<\/span>\n\t\t\t\t\t<\/span>\n\t\t\t\t\t<\/a>\n\t\t\t\t\t\t\t\t<\/div>\n\t\t\t\t\t<\/div>\n\t\t\t\t<\/div>\n\t\t\t\t<\/div>\n\t\t","protected":false},"excerpt":{"rendered":"<p>Verkaufsautomaten f\u00fcr elektronische Zigaretten Mit \u00fcber 20 Jahren Erfahrung in der Automatenindustrie ist Harvin der beste L\u00f6sungsanbieter f\u00fcr Ihr Unternehmen. Der speziell entwickelte Verkaufsautomat f\u00fcr elektronische Zigarettenfl\u00fcssigkeiten und Einwegzigaretten KONTAKTIEREN SIE UNS Unsere Produkte Baby E-Vapor 18 Touch E-Vapor Slave 32 E-Vapor L40 E-Vapor XL 60 Ben\u00f6tigen Sie weitere Informationen? KONTAKTIEREN SIE UNS<\/p>\n","protected":false},"author":1,"featured_media":0,"parent":0,"menu_order":0,"comment_status":"closed","ping_status":"closed","template":"","meta":{"footnotes":""},"class_list":["post-244393","page","type-page","status-publish","hentry"],"blocksy_meta":[],"yoast_head":"<!-- This site is optimized with the Yoast SEO plugin v26.5 - https:\/\/yoast.com\/wordpress\/plugins\/seo\/ -->\n<title>Verkaufsautomaten f\u00fcr elektronische Zigaretten Harvin<\/title>\n<meta name=\"description\" content=\"Harvin-Verkaufsautomaten f\u00fcr E-Zigaretten f\u00fcr Fl\u00fcssigkeiten und Einwegprodukte mit L\u00f6sungen f\u00fcr 24-Stunden-Selbstbedienungsgesch\u00e4fte.\" \/>\n<meta name=\"robots\" content=\"index, follow, max-snippet:-1, max-image-preview:large, max-video-preview:-1\" \/>\n<link rel=\"canonical\" href=\"https:\/\/harvin.eu\/de\/verkaufsautomaten-fuer-elektronische-zigaretten\/\" \/>\n<meta property=\"og:locale\" content=\"de_DE\" \/>\n<meta property=\"og:type\" content=\"article\" \/>\n<meta property=\"og:title\" content=\"Verkaufsautomaten f\u00fcr elektronische Zigaretten Harvin\" \/>\n<meta property=\"og:description\" content=\"Harvin-Verkaufsautomaten f\u00fcr E-Zigaretten f\u00fcr Fl\u00fcssigkeiten und Einwegprodukte mit L\u00f6sungen f\u00fcr 24-Stunden-Selbstbedienungsgesch\u00e4fte.\" \/>\n<meta property=\"og:url\" content=\"https:\/\/harvin.eu\/de\/verkaufsautomaten-fuer-elektronische-zigaretten\/\" \/>\n<meta property=\"og:site_name\" content=\"Vendita Distributori Automatici - Esperienza ventennale - Harvin\" \/>\n<meta property=\"article:publisher\" content=\"https:\/\/www.facebook.com\/harvindistributoriautomatici\" \/>\n<meta property=\"article:modified_time\" content=\"2025-11-18T17:12:28+00:00\" \/>\n<meta property=\"og:image\" content=\"https:\/\/harvin.eu\/wp-content\/uploads\/2025\/07\/BABY-evapor.png\" \/>\n<meta name=\"twitter:card\" content=\"summary_large_image\" \/>\n<meta name=\"twitter:label1\" content=\"Est. reading time\" \/>\n\t<meta name=\"twitter:data1\" content=\"2 minutes\" \/>\n<script type=\"application\/ld+json\" class=\"yoast-schema-graph\">{\"@context\":\"https:\/\/schema.org\",\"@graph\":[{\"@type\":\"WebPage\",\"@id\":\"https:\/\/harvin.eu\/de\/verkaufsautomaten-fuer-elektronische-zigaretten\/\",\"url\":\"https:\/\/harvin.eu\/de\/verkaufsautomaten-fuer-elektronische-zigaretten\/\",\"name\":\"Verkaufsautomaten f\u00fcr elektronische Zigaretten Harvin\",\"isPartOf\":{\"@id\":\"http:\/\/harvin.eu\/de\/#website\"},\"primaryImageOfPage\":{\"@id\":\"https:\/\/harvin.eu\/de\/verkaufsautomaten-fuer-elektronische-zigaretten\/#primaryimage\"},\"image\":{\"@id\":\"https:\/\/harvin.eu\/de\/verkaufsautomaten-fuer-elektronische-zigaretten\/#primaryimage\"},\"thumbnailUrl\":\"https:\/\/harvin.eu\/wp-content\/uploads\/2025\/07\/BABY-evapor.png\",\"datePublished\":\"2025-07-01T22:31:14+00:00\",\"dateModified\":\"2025-11-18T17:12:28+00:00\",\"description\":\"Harvin-Verkaufsautomaten f\u00fcr E-Zigaretten f\u00fcr Fl\u00fcssigkeiten und Einwegprodukte mit L\u00f6sungen f\u00fcr 24-Stunden-Selbstbedienungsgesch\u00e4fte.\",\"breadcrumb\":{\"@id\":\"https:\/\/harvin.eu\/de\/verkaufsautomaten-fuer-elektronische-zigaretten\/#breadcrumb\"},\"inLanguage\":\"de-DE\",\"potentialAction\":[{\"@type\":\"ReadAction\",\"target\":[\"https:\/\/harvin.eu\/de\/verkaufsautomaten-fuer-elektronische-zigaretten\/\"]}]},{\"@type\":\"ImageObject\",\"inLanguage\":\"de-DE\",\"@id\":\"https:\/\/harvin.eu\/de\/verkaufsautomaten-fuer-elektronische-zigaretten\/#primaryimage\",\"url\":\"https:\/\/harvin.eu\/wp-content\/uploads\/2025\/07\/BABY-evapor.png\",\"contentUrl\":\"https:\/\/harvin.eu\/wp-content\/uploads\/2025\/07\/BABY-evapor.png\"},{\"@type\":\"BreadcrumbList\",\"@id\":\"https:\/\/harvin.eu\/de\/verkaufsautomaten-fuer-elektronische-zigaretten\/#breadcrumb\",\"itemListElement\":[{\"@type\":\"ListItem\",\"position\":1,\"name\":\"Home\",\"item\":\"https:\/\/harvin.eu\/de\/startseite\/\"},{\"@type\":\"ListItem\",\"position\":2,\"name\":\"Verkaufsautomaten f\u00fcr elektronische Zigaretten\"}]},{\"@type\":\"WebSite\",\"@id\":\"http:\/\/harvin.eu\/de\/#website\",\"url\":\"http:\/\/harvin.eu\/de\/\",\"name\":\"Vendita Distributori Automatici - Harvin\",\"description\":\"Vendita Distributori Automatici - Esperienza ventennale - Harvin\",\"potentialAction\":[{\"@type\":\"SearchAction\",\"target\":{\"@type\":\"EntryPoint\",\"urlTemplate\":\"http:\/\/harvin.eu\/de\/?s={search_term_string}\"},\"query-input\":{\"@type\":\"PropertyValueSpecification\",\"valueRequired\":true,\"valueName\":\"search_term_string\"}}],\"inLanguage\":\"de-DE\"}]}<\/script>\n<!-- \/ Yoast SEO plugin. -->","yoast_head_json":{"title":"Verkaufsautomaten f\u00fcr elektronische Zigaretten Harvin","description":"Harvin-Verkaufsautomaten f\u00fcr E-Zigaretten f\u00fcr Fl\u00fcssigkeiten und Einwegprodukte mit L\u00f6sungen f\u00fcr 24-Stunden-Selbstbedienungsgesch\u00e4fte.","robots":{"index":"index","follow":"follow","max-snippet":"max-snippet:-1","max-image-preview":"max-image-preview:large","max-video-preview":"max-video-preview:-1"},"canonical":"https:\/\/harvin.eu\/de\/verkaufsautomaten-fuer-elektronische-zigaretten\/","og_locale":"de_DE","og_type":"article","og_title":"Verkaufsautomaten f\u00fcr elektronische Zigaretten Harvin","og_description":"Harvin-Verkaufsautomaten f\u00fcr E-Zigaretten f\u00fcr Fl\u00fcssigkeiten und Einwegprodukte mit L\u00f6sungen f\u00fcr 24-Stunden-Selbstbedienungsgesch\u00e4fte.","og_url":"https:\/\/harvin.eu\/de\/verkaufsautomaten-fuer-elektronische-zigaretten\/","og_site_name":"Vendita Distributori Automatici - Esperienza ventennale - Harvin","article_publisher":"https:\/\/www.facebook.com\/harvindistributoriautomatici","article_modified_time":"2025-11-18T17:12:28+00:00","og_image":[{"url":"https:\/\/harvin.eu\/wp-content\/uploads\/2025\/07\/BABY-evapor.png","type":"","width":"","height":""}],"twitter_card":"summary_large_image","twitter_misc":{"Est. reading time":"2 minutes"},"schema":{"@context":"https:\/\/schema.org","@graph":[{"@type":"WebPage","@id":"https:\/\/harvin.eu\/de\/verkaufsautomaten-fuer-elektronische-zigaretten\/","url":"https:\/\/harvin.eu\/de\/verkaufsautomaten-fuer-elektronische-zigaretten\/","name":"Verkaufsautomaten f\u00fcr elektronische Zigaretten Harvin","isPartOf":{"@id":"http:\/\/harvin.eu\/de\/#website"},"primaryImageOfPage":{"@id":"https:\/\/harvin.eu\/de\/verkaufsautomaten-fuer-elektronische-zigaretten\/#primaryimage"},"image":{"@id":"https:\/\/harvin.eu\/de\/verkaufsautomaten-fuer-elektronische-zigaretten\/#primaryimage"},"thumbnailUrl":"https:\/\/harvin.eu\/wp-content\/uploads\/2025\/07\/BABY-evapor.png","datePublished":"2025-07-01T22:31:14+00:00","dateModified":"2025-11-18T17:12:28+00:00","description":"Harvin-Verkaufsautomaten f\u00fcr E-Zigaretten f\u00fcr Fl\u00fcssigkeiten und Einwegprodukte mit L\u00f6sungen f\u00fcr 24-Stunden-Selbstbedienungsgesch\u00e4fte.","breadcrumb":{"@id":"https:\/\/harvin.eu\/de\/verkaufsautomaten-fuer-elektronische-zigaretten\/#breadcrumb"},"inLanguage":"de-DE","potentialAction":[{"@type":"ReadAction","target":["https:\/\/harvin.eu\/de\/verkaufsautomaten-fuer-elektronische-zigaretten\/"]}]},{"@type":"ImageObject","inLanguage":"de-DE","@id":"https:\/\/harvin.eu\/de\/verkaufsautomaten-fuer-elektronische-zigaretten\/#primaryimage","url":"https:\/\/harvin.eu\/wp-content\/uploads\/2025\/07\/BABY-evapor.png","contentUrl":"https:\/\/harvin.eu\/wp-content\/uploads\/2025\/07\/BABY-evapor.png"},{"@type":"BreadcrumbList","@id":"https:\/\/harvin.eu\/de\/verkaufsautomaten-fuer-elektronische-zigaretten\/#breadcrumb","itemListElement":[{"@type":"ListItem","position":1,"name":"Home","item":"https:\/\/harvin.eu\/de\/startseite\/"},{"@type":"ListItem","position":2,"name":"Verkaufsautomaten f\u00fcr elektronische Zigaretten"}]},{"@type":"WebSite","@id":"http:\/\/harvin.eu\/de\/#website","url":"http:\/\/harvin.eu\/de\/","name":"Vendita Distributori Automatici - Harvin","description":"Vendita Distributori Automatici - Esperienza ventennale - Harvin","potentialAction":[{"@type":"SearchAction","target":{"@type":"EntryPoint","urlTemplate":"http:\/\/harvin.eu\/de\/?s={search_term_string}"},"query-input":{"@type":"PropertyValueSpecification","valueRequired":true,"valueName":"search_term_string"}}],"inLanguage":"de-DE"}]}},"_links":{"self":[{"href":"https:\/\/harvin.eu\/de\/wp-json\/wp\/v2\/pages\/244393","targetHints":{"allow":["GET"]}}],"collection":[{"href":"https:\/\/harvin.eu\/de\/wp-json\/wp\/v2\/pages"}],"about":[{"href":"https:\/\/harvin.eu\/de\/wp-json\/wp\/v2\/types\/page"}],"author":[{"embeddable":true,"href":"https:\/\/harvin.eu\/de\/wp-json\/wp\/v2\/users\/1"}],"replies":[{"embeddable":true,"href":"https:\/\/harvin.eu\/de\/wp-json\/wp\/v2\/comments?post=244393"}],"version-history":[{"count":16,"href":"https:\/\/harvin.eu\/de\/wp-json\/wp\/v2\/pages\/244393\/revisions"}],"predecessor-version":[{"id":247319,"href":"https:\/\/harvin.eu\/de\/wp-json\/wp\/v2\/pages\/244393\/revisions\/247319"}],"wp:attachment":[{"href":"https:\/\/harvin.eu\/de\/wp-json\/wp\/v2\/media?parent=244393"}],"curies":[{"name":"wp","href":"https:\/\/api.w.org\/{rel}","templated":true}]}}