{"id":244390,"date":"2025-07-01T23:31:14","date_gmt":"2025-07-01T22:31:14","guid":{"rendered":"https:\/\/plum-stingray-604798.hostingersite.com\/legale-cannabis-abgabestellen\/"},"modified":"2025-11-18T18:12:35","modified_gmt":"2025-11-18T17:12:35","slug":"legale-cannabis-abgabestellen","status":"publish","type":"page","link":"https:\/\/harvin.eu\/de\/legale-cannabis-abgabestellen\/","title":{"rendered":"Legale Cannabis-Verkaufsautomaten"},"content":{"rendered":"\t\t<div data-elementor-type=\"wp-page\" data-elementor-id=\"244390\" class=\"elementor elementor-244390 elementor-37\" data-elementor-post-type=\"page\">\n\t\t\t\t<div class=\"has_eae_slider elementor-element elementor-element-204a26df e-flex e-con-boxed wpr-particle-no wpr-jarallax-no wpr-parallax-no wpr-sticky-section-no e-con e-parent\" data-eae-slider=\"52630\" data-id=\"204a26df\" data-element_type=\"container\" data-settings=\"{&quot;background_background&quot;:&quot;classic&quot;,&quot;shape_divider_bottom_negative&quot;:&quot;yes&quot;,&quot;shape_divider_bottom&quot;:&quot;waves&quot;}\">\n\t\t\t\t\t<div class=\"e-con-inner\">\n\t\t\t\t<div class=\"elementor-shape elementor-shape-bottom\" aria-hidden=\"true\" data-negative=\"true\">\n\t\t\t<svg xmlns=\"http:\/\/www.w3.org\/2000\/svg\" viewBox=\"0 0 1000 100\" preserveAspectRatio=\"none\">\n\t<path class=\"elementor-shape-fill\" d=\"M790.5,93.1c-59.3-5.3-116.8-18-192.6-50c-29.6-12.7-76.9-31-100.5-35.9c-23.6-4.9-52.6-7.8-75.5-5.3\n\tc-10.2,1.1-22.6,1.4-50.1,7.4c-27.2,6.3-58.2,16.6-79.4,24.7c-41.3,15.9-94.9,21.9-134,22.6C72,58.2,0,25.8,0,25.8V100h1000V65.3\n\tc0,0-51.5,19.4-106.2,25.7C839.5,97,814.1,95.2,790.5,93.1z\"\/>\n<\/svg>\t\t<\/div>\n\t\t\t\t<div class=\"elementor-element elementor-element-2f69bfd3 elementor-widget elementor-widget-heading\" data-id=\"2f69bfd3\" data-element_type=\"widget\" data-widget_type=\"heading.default\">\n\t\t\t\t\t<h1 class=\"elementor-heading-title elementor-size-default\">Magic <span style=\"color:#51AC51\">Smart<\/span> Serie<\/h1>\t\t\t\t<\/div>\n\t\t\t\t<div class=\"elementor-element elementor-element-2d74aaca elementor-widget elementor-widget-text-editor\" data-id=\"2d74aaca\" data-element_type=\"widget\" data-widget_type=\"text-editor.default\">\n\t\t\t\t\t\t\t\t\t<p>Mit \u00fcber 20 Jahren Erfahrung in der Automatenindustrie ist Harvin der beste L\u00f6sungsanbieter f\u00fcr Ihr legales Cannabisgesch\u00e4ft!<\/p>\t\t\t\t\t\t\t\t<\/div>\n\t\t\t\t<div class=\"elementor-element elementor-element-1d131210 animated-slow elementor-invisible elementor-widget elementor-widget-button\" data-id=\"1d131210\" data-element_type=\"widget\" data-settings=\"{&quot;_animation&quot;:&quot;fadeInDown&quot;}\" data-widget_type=\"button.default\">\n\t\t\t\t\t\t\t\t\t\t<a class=\"elementor-button elementor-button-link elementor-size-sm\" href=\"https:\/\/harvin.eu\/contatti\/\">\n\t\t\t\t\t\t<span class=\"elementor-button-content-wrapper\">\n\t\t\t\t\t\t\t\t\t<span class=\"elementor-button-text\">KONTAKTIEREN SIE UNS<\/span>\n\t\t\t\t\t<\/span>\n\t\t\t\t\t<\/a>\n\t\t\t\t\t\t\t\t<\/div>\n\t\t\t\t\t<\/div>\n\t\t\t\t<\/div>\n\t\t<div class=\"has_eae_slider elementor-element elementor-element-0a505f8 e-flex e-con-boxed wpr-particle-no wpr-jarallax-no wpr-parallax-no wpr-sticky-section-no e-con e-parent\" data-eae-slider=\"2810\" data-id=\"0a505f8\" data-element_type=\"container\" data-settings=\"{&quot;background_background&quot;:&quot;classic&quot;}\">\n\t\t\t\t\t<div class=\"e-con-inner\">\n\t\t\t\t<div class=\"elementor-element elementor-element-05d6a38 elementor-widget__width-initial elementor-widget elementor-widget-heading\" data-id=\"05d6a38\" data-element_type=\"widget\" data-widget_type=\"heading.default\">\n\t\t\t\t\t<h1 class=\"elementor-heading-title elementor-size-default\">Unsere Produkte<\/h1>\t\t\t\t<\/div>\n\t\t\t\t\t<\/div>\n\t\t\t\t<\/div>\n\t\t<div class=\"has_eae_slider elementor-element elementor-element-4158dff e-grid e-con-boxed wpr-particle-no wpr-jarallax-no wpr-parallax-no wpr-sticky-section-no e-con e-parent\" data-eae-slider=\"74623\" data-id=\"4158dff\" data-element_type=\"container\">\n\t\t\t\t\t<div class=\"e-con-inner\">\n\t\t\t\t<div class=\"elementor-element elementor-element-67d4b84b elementor-position-top elementor-widget elementor-widget-image-box\" data-id=\"67d4b84b\" data-element_type=\"widget\" data-widget_type=\"image-box.default\">\n\t\t\t\t\t<div class=\"elementor-image-box-wrapper\"><figure class=\"elementor-image-box-img\"><a href=\"https:\/\/harvin.eu\/de\/magic-baby-18\/\" tabindex=\"-1\"><img fetchpriority=\"high\" decoding=\"async\" width=\"408\" height=\"685\" src=\"https:\/\/harvin.eu\/wp-content\/uploads\/2025\/09\/MAGICbaby-pulsantiIT-Modificata.png\" class=\"attachment-full size-full wp-image-244392\" alt=\"Verkaufsautomaten f\u00fcr legales Cannabis Magic Baby Harvin mit Fronttasten\" srcset=\"https:\/\/harvin.eu\/wp-content\/uploads\/2025\/09\/MAGICbaby-pulsantiIT-Modificata.png 408w, https:\/\/harvin.eu\/wp-content\/uploads\/2025\/09\/MAGICbaby-pulsantiIT-Modificata-179x300.png 179w\" sizes=\"(max-width: 408px) 100vw, 408px\" \/><\/a><\/figure><div class=\"elementor-image-box-content\"><h4 class=\"elementor-image-box-title\"><a href=\"https:\/\/harvin.eu\/de\/magic-baby-18\/\">Magic Baby 18<\/a><\/h4><\/div><\/div>\t\t\t\t<\/div>\n\t\t\t\t<div class=\"elementor-element elementor-element-1797dec2 elementor-position-top elementor-widget elementor-widget-image-box\" data-id=\"1797dec2\" data-element_type=\"widget\" data-widget_type=\"image-box.default\">\n\t\t\t\t\t<div class=\"elementor-image-box-wrapper\"><figure class=\"elementor-image-box-img\"><a href=\"https:\/\/harvin.eu\/de\/magic-smart-baby-touch-18\/\" tabindex=\"-1\"><img decoding=\"async\" width=\"399\" height=\"900\" src=\"https:\/\/harvin.eu\/wp-content\/uploads\/2025\/07\/BABY-magicSmart.png\" class=\"attachment-large size-large wp-image-243534\" alt=\"\" srcset=\"https:\/\/harvin.eu\/wp-content\/uploads\/2025\/07\/BABY-magicSmart.png 399w, https:\/\/harvin.eu\/wp-content\/uploads\/2025\/07\/BABY-magicSmart-133x300.png 133w\" sizes=\"(max-width: 399px) 100vw, 399px\" \/><\/a><\/figure><div class=\"elementor-image-box-content\"><h4 class=\"elementor-image-box-title\"><a href=\"https:\/\/harvin.eu\/de\/magic-smart-baby-touch-18\/\">Magic Smart Baby Touch 18<\/a><\/h4><\/div><\/div>\t\t\t\t<\/div>\n\t\t\t\t<div class=\"elementor-element elementor-element-6771662c elementor-position-top elementor-widget elementor-widget-image-box\" data-id=\"6771662c\" data-element_type=\"widget\" data-widget_type=\"image-box.default\">\n\t\t\t\t\t<div class=\"elementor-image-box-wrapper\"><figure class=\"elementor-image-box-img\"><a href=\"https:\/\/harvin.eu\/de\/magic-slave-32\/\" tabindex=\"-1\"><img decoding=\"async\" width=\"339\" height=\"900\" src=\"https:\/\/harvin.eu\/wp-content\/uploads\/2025\/07\/SLAVE-magicSmart.png\" class=\"attachment-full size-full wp-image-243537\" alt=\"\" srcset=\"https:\/\/harvin.eu\/wp-content\/uploads\/2025\/07\/SLAVE-magicSmart.png 339w, https:\/\/harvin.eu\/wp-content\/uploads\/2025\/07\/SLAVE-magicSmart-113x300.png 113w\" sizes=\"(max-width: 339px) 100vw, 339px\" \/><\/a><\/figure><div class=\"elementor-image-box-content\"><h4 class=\"elementor-image-box-title\"><a href=\"https:\/\/harvin.eu\/de\/magic-slave-32\/\">Magic Slave 32<\/a><\/h4><\/div><\/div>\t\t\t\t<\/div>\n\t\t\t\t<div class=\"elementor-element elementor-element-6ef6544f elementor-position-top elementor-widget elementor-widget-image-box\" data-id=\"6ef6544f\" data-element_type=\"widget\" data-widget_type=\"image-box.default\">\n\t\t\t\t\t<div class=\"elementor-image-box-wrapper\"><figure class=\"elementor-image-box-img\"><a href=\"https:\/\/harvin.eu\/de\/magic-smart-wind-touch-40\/\" tabindex=\"-1\"><img loading=\"lazy\" decoding=\"async\" width=\"317\" height=\"900\" src=\"https:\/\/harvin.eu\/wp-content\/uploads\/2025\/07\/WIND-magicSmart.png\" class=\"attachment-full size-full wp-image-243538\" alt=\"\" srcset=\"https:\/\/harvin.eu\/wp-content\/uploads\/2025\/07\/WIND-magicSmart.png 317w, https:\/\/harvin.eu\/wp-content\/uploads\/2025\/07\/WIND-magicSmart-106x300.png 106w\" sizes=\"(max-width: 317px) 100vw, 317px\" \/><\/a><\/figure><div class=\"elementor-image-box-content\"><h4 class=\"elementor-image-box-title\"><a href=\"https:\/\/harvin.eu\/de\/magic-smart-wind-touch-40\/\">Magic Smart Wind Touch 40<\/a><\/h4><\/div><\/div>\t\t\t\t<\/div>\n\t\t\t\t<div class=\"elementor-element elementor-element-7a1af382 elementor-position-top elementor-widget elementor-widget-image-box\" data-id=\"7a1af382\" data-element_type=\"widget\" data-widget_type=\"image-box.default\">\n\t\t\t\t\t<div class=\"elementor-image-box-wrapper\"><figure class=\"elementor-image-box-img\"><a href=\"https:\/\/harvin.eu\/de\/magic-smart-hour-touch-60\/\" tabindex=\"-1\"><img loading=\"lazy\" decoding=\"async\" width=\"387\" height=\"900\" src=\"https:\/\/harvin.eu\/wp-content\/uploads\/2025\/07\/HOUR-magicSmart.png\" class=\"attachment-large size-large wp-image-243535\" alt=\"\" srcset=\"https:\/\/harvin.eu\/wp-content\/uploads\/2025\/07\/HOUR-magicSmart.png 387w, https:\/\/harvin.eu\/wp-content\/uploads\/2025\/07\/HOUR-magicSmart-129x300.png 129w\" sizes=\"(max-width: 387px) 100vw, 387px\" \/><\/a><\/figure><div class=\"elementor-image-box-content\"><h4 class=\"elementor-image-box-title\"><a href=\"https:\/\/harvin.eu\/de\/magic-smart-hour-touch-60\/\">Magic Smart Hour Touch 60<\/a><\/h4><\/div><\/div>\t\t\t\t<\/div>\n\t\t\t\t<div class=\"elementor-element elementor-element-648b68cb elementor-position-top elementor-widget elementor-widget-image-box\" data-id=\"648b68cb\" data-element_type=\"widget\" data-widget_type=\"image-box.default\">\n\t\t\t\t\t<div class=\"elementor-image-box-wrapper\"><figure class=\"elementor-image-box-img\"><a href=\"https:\/\/harvin.eu\/de\/master-lift-plus\/\" tabindex=\"-1\"><img loading=\"lazy\" decoding=\"async\" width=\"612\" height=\"1024\" src=\"https:\/\/harvin.eu\/wp-content\/uploads\/2025\/07\/masterlift-612x1024.png\" class=\"attachment-large size-large wp-image-243536\" alt=\"Master Lift Plus gek\u00fchlter Verkaufsautomat mit internem Lift, 56 Auswahlm\u00f6glichkeiten, f\u00fcr legale Cannabisprodukte\" srcset=\"https:\/\/harvin.eu\/wp-content\/uploads\/2025\/07\/masterlift-612x1024.png 612w, https:\/\/harvin.eu\/wp-content\/uploads\/2025\/07\/masterlift-179x300.png 179w, https:\/\/harvin.eu\/wp-content\/uploads\/2025\/07\/masterlift-768x1285.png 768w, https:\/\/harvin.eu\/wp-content\/uploads\/2025\/07\/masterlift-918x1536.png 918w, https:\/\/harvin.eu\/wp-content\/uploads\/2025\/07\/masterlift-1224x2048.png 1224w, https:\/\/harvin.eu\/wp-content\/uploads\/2025\/07\/masterlift.png 1256w\" sizes=\"(max-width: 612px) 100vw, 612px\" \/><\/a><\/figure><div class=\"elementor-image-box-content\"><h4 class=\"elementor-image-box-title\"><a href=\"https:\/\/harvin.eu\/de\/master-lift-plus\/\">Master Lift Plus<\/a><\/h4><\/div><\/div>\t\t\t\t<\/div>\n\t\t\t\t\t<\/div>\n\t\t\t\t<\/div>\n\t\t<div class=\"has_eae_slider elementor-element elementor-element-b5427d7 e-flex e-con-boxed wpr-particle-no wpr-jarallax-no wpr-parallax-no wpr-sticky-section-no e-con e-parent\" data-eae-slider=\"64863\" data-id=\"b5427d7\" data-element_type=\"container\" data-settings=\"{&quot;background_background&quot;:&quot;classic&quot;,&quot;shape_divider_top&quot;:&quot;waves&quot;,&quot;shape_divider_top_negative&quot;:&quot;yes&quot;}\">\n\t\t\t\t\t<div class=\"e-con-inner\">\n\t\t\t\t<div class=\"elementor-shape elementor-shape-top\" aria-hidden=\"true\" data-negative=\"true\">\n\t\t\t<svg xmlns=\"http:\/\/www.w3.org\/2000\/svg\" viewBox=\"0 0 1000 100\" preserveAspectRatio=\"none\">\n\t<path class=\"elementor-shape-fill\" d=\"M790.5,93.1c-59.3-5.3-116.8-18-192.6-50c-29.6-12.7-76.9-31-100.5-35.9c-23.6-4.9-52.6-7.8-75.5-5.3\n\tc-10.2,1.1-22.6,1.4-50.1,7.4c-27.2,6.3-58.2,16.6-79.4,24.7c-41.3,15.9-94.9,21.9-134,22.6C72,58.2,0,25.8,0,25.8V100h1000V65.3\n\tc0,0-51.5,19.4-106.2,25.7C839.5,97,814.1,95.2,790.5,93.1z\"\/>\n<\/svg>\t\t<\/div>\n\t\t\t\t<div class=\"elementor-element elementor-element-7e05782 elementor-invisible elementor-widget elementor-widget-heading\" data-id=\"7e05782\" data-element_type=\"widget\" data-settings=\"{&quot;_animation&quot;:&quot;fadeInLeft&quot;}\" data-widget_type=\"heading.default\">\n\t\t\t\t\t<h1 class=\"elementor-heading-title elementor-size-default\">Ben\u00f6tigen Sie weitere Informationen?<\/h1>\t\t\t\t<\/div>\n\t\t\t\t<div class=\"elementor-element elementor-element-ee6d004 animated-slow elementor-mobile-align-center elementor-invisible elementor-widget elementor-widget-button\" data-id=\"ee6d004\" data-element_type=\"widget\" data-settings=\"{&quot;_animation&quot;:&quot;fadeInRight&quot;}\" data-widget_type=\"button.default\">\n\t\t\t\t\t\t\t\t\t\t<a class=\"elementor-button elementor-button-link elementor-size-sm\" href=\"https:\/\/harvin.eu\/contatti\/\">\n\t\t\t\t\t\t<span class=\"elementor-button-content-wrapper\">\n\t\t\t\t\t\t\t\t\t<span class=\"elementor-button-text\">KONTAKTIEREN SIE UNS<\/span>\n\t\t\t\t\t<\/span>\n\t\t\t\t\t<\/a>\n\t\t\t\t\t\t\t\t<\/div>\n\t\t\t\t\t<\/div>\n\t\t\t\t<\/div>\n\t\t\t\t<\/div>\n\t\t","protected":false},"excerpt":{"rendered":"<p>Magic Smart Serie Mit \u00fcber 20 Jahren Erfahrung in der Automatenindustrie ist Harvin der beste L\u00f6sungsanbieter f\u00fcr Ihr legales Cannabisgesch\u00e4ft! KONTAKTIEREN SIE UNS Unsere Produkte Magic Baby 18 Magic Smart Baby Touch 18 Magic Slave 32 Magic Smart Wind Touch 40 Magic Smart Hour Touch 60 Master Lift Plus Ben\u00f6tigen Sie weitere Informationen? KONTAKTIEREN SIE UNS<\/p>\n","protected":false},"author":1,"featured_media":0,"parent":0,"menu_order":0,"comment_status":"closed","ping_status":"closed","template":"","meta":{"footnotes":""},"class_list":["post-244390","page","type-page","status-publish","hentry"],"blocksy_meta":[],"yoast_head":"<!-- This site is optimized with the Yoast SEO plugin v26.5 - https:\/\/yoast.com\/wordpress\/plugins\/seo\/ -->\n<title>Verkaufsautomaten f\u00fcr legales Cannabis Serie Magic Smart<\/title>\n<meta name=\"description\" content=\"Automatische Verkaufsautomaten f\u00fcr legales Cannabis der Serie Magic Smart von Harvin f\u00fcr Gesch\u00e4fte, Tabakl\u00e4den und 24-Stunden-Verkaufsstellen.\" \/>\n<meta name=\"robots\" content=\"index, follow, max-snippet:-1, max-image-preview:large, max-video-preview:-1\" \/>\n<link rel=\"canonical\" href=\"https:\/\/harvin.eu\/de\/legale-cannabis-abgabestellen\/\" \/>\n<meta property=\"og:locale\" content=\"de_DE\" \/>\n<meta property=\"og:type\" content=\"article\" \/>\n<meta property=\"og:title\" content=\"Verkaufsautomaten f\u00fcr legales Cannabis Serie Magic Smart\" \/>\n<meta property=\"og:description\" content=\"Automatische Verkaufsautomaten f\u00fcr legales Cannabis der Serie Magic Smart von Harvin f\u00fcr Gesch\u00e4fte, Tabakl\u00e4den und 24-Stunden-Verkaufsstellen.\" \/>\n<meta property=\"og:url\" content=\"https:\/\/harvin.eu\/de\/legale-cannabis-abgabestellen\/\" \/>\n<meta property=\"og:site_name\" content=\"Vendita Distributori Automatici - Esperienza ventennale - Harvin\" \/>\n<meta property=\"article:publisher\" content=\"https:\/\/www.facebook.com\/harvindistributoriautomatici\" \/>\n<meta property=\"article:modified_time\" content=\"2025-11-18T17:12:35+00:00\" \/>\n<meta property=\"og:image\" content=\"https:\/\/harvin.eu\/wp-content\/uploads\/2025\/09\/MAGICbaby-pulsantiIT-Modificata.png\" \/>\n<meta name=\"twitter:card\" content=\"summary_large_image\" \/>\n<script type=\"application\/ld+json\" class=\"yoast-schema-graph\">{\"@context\":\"https:\/\/schema.org\",\"@graph\":[{\"@type\":\"WebPage\",\"@id\":\"https:\/\/harvin.eu\/de\/legale-cannabis-abgabestellen\/\",\"url\":\"https:\/\/harvin.eu\/de\/legale-cannabis-abgabestellen\/\",\"name\":\"Verkaufsautomaten f\u00fcr legales Cannabis Serie Magic Smart\",\"isPartOf\":{\"@id\":\"http:\/\/harvin.eu\/de\/#website\"},\"primaryImageOfPage\":{\"@id\":\"https:\/\/harvin.eu\/de\/legale-cannabis-abgabestellen\/#primaryimage\"},\"image\":{\"@id\":\"https:\/\/harvin.eu\/de\/legale-cannabis-abgabestellen\/#primaryimage\"},\"thumbnailUrl\":\"https:\/\/harvin.eu\/wp-content\/uploads\/2025\/09\/MAGICbaby-pulsantiIT-Modificata.png\",\"datePublished\":\"2025-07-01T22:31:14+00:00\",\"dateModified\":\"2025-11-18T17:12:35+00:00\",\"description\":\"Automatische Verkaufsautomaten f\u00fcr legales Cannabis der Serie Magic Smart von Harvin f\u00fcr Gesch\u00e4fte, Tabakl\u00e4den und 24-Stunden-Verkaufsstellen.\",\"breadcrumb\":{\"@id\":\"https:\/\/harvin.eu\/de\/legale-cannabis-abgabestellen\/#breadcrumb\"},\"inLanguage\":\"de-DE\",\"potentialAction\":[{\"@type\":\"ReadAction\",\"target\":[\"https:\/\/harvin.eu\/de\/legale-cannabis-abgabestellen\/\"]}]},{\"@type\":\"ImageObject\",\"inLanguage\":\"de-DE\",\"@id\":\"https:\/\/harvin.eu\/de\/legale-cannabis-abgabestellen\/#primaryimage\",\"url\":\"https:\/\/harvin.eu\/wp-content\/uploads\/2025\/09\/MAGICbaby-pulsantiIT-Modificata.png\",\"contentUrl\":\"https:\/\/harvin.eu\/wp-content\/uploads\/2025\/09\/MAGICbaby-pulsantiIT-Modificata.png\"},{\"@type\":\"BreadcrumbList\",\"@id\":\"https:\/\/harvin.eu\/de\/legale-cannabis-abgabestellen\/#breadcrumb\",\"itemListElement\":[{\"@type\":\"ListItem\",\"position\":1,\"name\":\"Home\",\"item\":\"https:\/\/harvin.eu\/de\/startseite\/\"},{\"@type\":\"ListItem\",\"position\":2,\"name\":\"Legale Cannabis-Verkaufsautomaten\"}]},{\"@type\":\"WebSite\",\"@id\":\"http:\/\/harvin.eu\/de\/#website\",\"url\":\"http:\/\/harvin.eu\/de\/\",\"name\":\"Vendita Distributori Automatici - Harvin\",\"description\":\"Vendita Distributori Automatici - Esperienza ventennale - Harvin\",\"potentialAction\":[{\"@type\":\"SearchAction\",\"target\":{\"@type\":\"EntryPoint\",\"urlTemplate\":\"http:\/\/harvin.eu\/de\/?s={search_term_string}\"},\"query-input\":{\"@type\":\"PropertyValueSpecification\",\"valueRequired\":true,\"valueName\":\"search_term_string\"}}],\"inLanguage\":\"de-DE\"}]}<\/script>\n<!-- \/ Yoast SEO plugin. -->","yoast_head_json":{"title":"Verkaufsautomaten f\u00fcr legales Cannabis Serie Magic Smart","description":"Automatische Verkaufsautomaten f\u00fcr legales Cannabis der Serie Magic Smart von Harvin f\u00fcr Gesch\u00e4fte, Tabakl\u00e4den und 24-Stunden-Verkaufsstellen.","robots":{"index":"index","follow":"follow","max-snippet":"max-snippet:-1","max-image-preview":"max-image-preview:large","max-video-preview":"max-video-preview:-1"},"canonical":"https:\/\/harvin.eu\/de\/legale-cannabis-abgabestellen\/","og_locale":"de_DE","og_type":"article","og_title":"Verkaufsautomaten f\u00fcr legales Cannabis Serie Magic Smart","og_description":"Automatische Verkaufsautomaten f\u00fcr legales Cannabis der Serie Magic Smart von Harvin f\u00fcr Gesch\u00e4fte, Tabakl\u00e4den und 24-Stunden-Verkaufsstellen.","og_url":"https:\/\/harvin.eu\/de\/legale-cannabis-abgabestellen\/","og_site_name":"Vendita Distributori Automatici - Esperienza ventennale - Harvin","article_publisher":"https:\/\/www.facebook.com\/harvindistributoriautomatici","article_modified_time":"2025-11-18T17:12:35+00:00","og_image":[{"url":"https:\/\/harvin.eu\/wp-content\/uploads\/2025\/09\/MAGICbaby-pulsantiIT-Modificata.png","type":"","width":"","height":""}],"twitter_card":"summary_large_image","schema":{"@context":"https:\/\/schema.org","@graph":[{"@type":"WebPage","@id":"https:\/\/harvin.eu\/de\/legale-cannabis-abgabestellen\/","url":"https:\/\/harvin.eu\/de\/legale-cannabis-abgabestellen\/","name":"Verkaufsautomaten f\u00fcr legales Cannabis Serie Magic Smart","isPartOf":{"@id":"http:\/\/harvin.eu\/de\/#website"},"primaryImageOfPage":{"@id":"https:\/\/harvin.eu\/de\/legale-cannabis-abgabestellen\/#primaryimage"},"image":{"@id":"https:\/\/harvin.eu\/de\/legale-cannabis-abgabestellen\/#primaryimage"},"thumbnailUrl":"https:\/\/harvin.eu\/wp-content\/uploads\/2025\/09\/MAGICbaby-pulsantiIT-Modificata.png","datePublished":"2025-07-01T22:31:14+00:00","dateModified":"2025-11-18T17:12:35+00:00","description":"Automatische Verkaufsautomaten f\u00fcr legales Cannabis der Serie Magic Smart von Harvin f\u00fcr Gesch\u00e4fte, Tabakl\u00e4den und 24-Stunden-Verkaufsstellen.","breadcrumb":{"@id":"https:\/\/harvin.eu\/de\/legale-cannabis-abgabestellen\/#breadcrumb"},"inLanguage":"de-DE","potentialAction":[{"@type":"ReadAction","target":["https:\/\/harvin.eu\/de\/legale-cannabis-abgabestellen\/"]}]},{"@type":"ImageObject","inLanguage":"de-DE","@id":"https:\/\/harvin.eu\/de\/legale-cannabis-abgabestellen\/#primaryimage","url":"https:\/\/harvin.eu\/wp-content\/uploads\/2025\/09\/MAGICbaby-pulsantiIT-Modificata.png","contentUrl":"https:\/\/harvin.eu\/wp-content\/uploads\/2025\/09\/MAGICbaby-pulsantiIT-Modificata.png"},{"@type":"BreadcrumbList","@id":"https:\/\/harvin.eu\/de\/legale-cannabis-abgabestellen\/#breadcrumb","itemListElement":[{"@type":"ListItem","position":1,"name":"Home","item":"https:\/\/harvin.eu\/de\/startseite\/"},{"@type":"ListItem","position":2,"name":"Legale Cannabis-Verkaufsautomaten"}]},{"@type":"WebSite","@id":"http:\/\/harvin.eu\/de\/#website","url":"http:\/\/harvin.eu\/de\/","name":"Vendita Distributori Automatici - Harvin","description":"Vendita Distributori Automatici - Esperienza ventennale - Harvin","potentialAction":[{"@type":"SearchAction","target":{"@type":"EntryPoint","urlTemplate":"http:\/\/harvin.eu\/de\/?s={search_term_string}"},"query-input":{"@type":"PropertyValueSpecification","valueRequired":true,"valueName":"search_term_string"}}],"inLanguage":"de-DE"}]}},"_links":{"self":[{"href":"https:\/\/harvin.eu\/de\/wp-json\/wp\/v2\/pages\/244390","targetHints":{"allow":["GET"]}}],"collection":[{"href":"https:\/\/harvin.eu\/de\/wp-json\/wp\/v2\/pages"}],"about":[{"href":"https:\/\/harvin.eu\/de\/wp-json\/wp\/v2\/types\/page"}],"author":[{"embeddable":true,"href":"https:\/\/harvin.eu\/de\/wp-json\/wp\/v2\/users\/1"}],"replies":[{"embeddable":true,"href":"https:\/\/harvin.eu\/de\/wp-json\/wp\/v2\/comments?post=244390"}],"version-history":[{"count":11,"href":"https:\/\/harvin.eu\/de\/wp-json\/wp\/v2\/pages\/244390\/revisions"}],"predecessor-version":[{"id":247285,"href":"https:\/\/harvin.eu\/de\/wp-json\/wp\/v2\/pages\/244390\/revisions\/247285"}],"wp:attachment":[{"href":"https:\/\/harvin.eu\/de\/wp-json\/wp\/v2\/media?parent=244390"}],"curies":[{"name":"wp","href":"https:\/\/api.w.org\/{rel}","templated":true}]}}