{"id":244373,"date":"2025-07-01T23:31:14","date_gmt":"2025-07-01T22:31:14","guid":{"rendered":"https:\/\/plum-stingray-604798.hostingersite.com\/sklave-und-automatischer-kassierer\/"},"modified":"2026-02-06T16:37:43","modified_gmt":"2026-02-06T15:37:43","slug":"sklave-und-automatischer-kassierer","status":"publish","type":"page","link":"https:\/\/harvin.eu\/de\/sklave-und-automatischer-kassierer\/","title":{"rendered":"Sklave und automatischer Kassierer"},"content":{"rendered":"\t\t<div data-elementor-type=\"wp-page\" data-elementor-id=\"244373\" class=\"elementor elementor-244373 elementor-41\" data-elementor-post-type=\"page\">\n\t\t\t\t<div class=\"has_eae_slider elementor-element elementor-element-b80c3f e-flex e-con-boxed wpr-particle-no wpr-jarallax-no wpr-parallax-no wpr-sticky-section-no e-con e-parent\" data-eae-slider=\"45015\" data-id=\"b80c3f\" data-element_type=\"container\" data-settings=\"{&quot;background_background&quot;:&quot;classic&quot;,&quot;shape_divider_bottom_negative&quot;:&quot;yes&quot;,&quot;shape_divider_bottom&quot;:&quot;waves&quot;}\">\n\t\t\t\t\t<div class=\"e-con-inner\">\n\t\t\t\t<div class=\"elementor-shape elementor-shape-bottom\" aria-hidden=\"true\" data-negative=\"true\">\n\t\t\t<svg xmlns=\"http:\/\/www.w3.org\/2000\/svg\" viewBox=\"0 0 1000 100\" preserveAspectRatio=\"none\">\n\t<path class=\"elementor-shape-fill\" d=\"M790.5,93.1c-59.3-5.3-116.8-18-192.6-50c-29.6-12.7-76.9-31-100.5-35.9c-23.6-4.9-52.6-7.8-75.5-5.3\n\tc-10.2,1.1-22.6,1.4-50.1,7.4c-27.2,6.3-58.2,16.6-79.4,24.7c-41.3,15.9-94.9,21.9-134,22.6C72,58.2,0,25.8,0,25.8V100h1000V65.3\n\tc0,0-51.5,19.4-106.2,25.7C839.5,97,814.1,95.2,790.5,93.1z\"\/>\n<\/svg>\t\t<\/div>\n\t\t\t\t<div class=\"elementor-element elementor-element-3af5cf7e elementor-widget elementor-widget-heading\" data-id=\"3af5cf7e\" data-element_type=\"widget\" data-widget_type=\"heading.default\">\n\t\t\t\t\t<h1 class=\"elementor-heading-title elementor-size-default\">Sklave und <span style=\"color:#51AC51\">automatischer <\/span> Kassierer  <\/h1>\t\t\t\t<\/div>\n\t\t\t\t<div class=\"elementor-element elementor-element-257d5094 elementor-widget elementor-widget-text-editor\" data-id=\"257d5094\" data-element_type=\"widget\" data-widget_type=\"text-editor.default\">\n\t\t\t\t\t\t\t\t\t<p>Harvin vervollst\u00e4ndigt sein Angebot mit einer Reihe von GEK\u00dcHLTEN SLAVE-MODULEN f\u00fcr den Verkauf von Produkten mit unterschiedlichen Verpackungen, wie z.B.: Snacks, Erfrischungsgetr\u00e4nke, T\u00fcten, Gl\u00e4ser, Geschenkverpackungen und Hanf-Leichtprodukte. Neben Touch-Automaten k\u00f6nnen die Slave-Module auch mit dem neuen Geldautomaten Unika betrieben werden, mit dem Sie Ihren eigenen Self 24-Bereich, Ihren eigenen automatischen Laden, einrichten k\u00f6nnen. <\/p>\t\t\t\t\t\t\t\t<\/div>\n\t\t\t\t<div class=\"elementor-element elementor-element-2444bb45 animated-slow elementor-invisible elementor-widget elementor-widget-button\" data-id=\"2444bb45\" data-element_type=\"widget\" data-settings=\"{&quot;_animation&quot;:&quot;fadeInDown&quot;}\" data-widget_type=\"button.default\">\n\t\t\t\t\t\t\t\t\t\t<a class=\"elementor-button elementor-button-link elementor-size-sm\" href=\"https:\/\/harvin.eu\/contatti\/\">\n\t\t\t\t\t\t<span class=\"elementor-button-content-wrapper\">\n\t\t\t\t\t\t\t\t\t<span class=\"elementor-button-text\"> KONTAKTIEREN SIE UNS<\/span>\n\t\t\t\t\t<\/span>\n\t\t\t\t\t<\/a>\n\t\t\t\t\t\t\t\t<\/div>\n\t\t\t\t\t<\/div>\n\t\t\t\t<\/div>\n\t\t<div class=\"has_eae_slider elementor-element elementor-element-079a3ce e-flex e-con-boxed wpr-particle-no wpr-jarallax-no wpr-parallax-no wpr-sticky-section-no e-con e-parent\" data-eae-slider=\"49256\" data-id=\"079a3ce\" data-element_type=\"container\" data-settings=\"{&quot;background_background&quot;:&quot;classic&quot;}\">\n\t\t\t\t\t<div class=\"e-con-inner\">\n\t\t\t\t<div class=\"elementor-element elementor-element-68ea8f8 elementor-widget__width-initial elementor-widget elementor-widget-heading\" data-id=\"68ea8f8\" data-element_type=\"widget\" data-widget_type=\"heading.default\">\n\t\t\t\t\t<h1 class=\"elementor-heading-title elementor-size-default\">Unsere Produkte<\/h1>\t\t\t\t<\/div>\n\t\t\t\t\t<\/div>\n\t\t\t\t<\/div>\n\t\t<div class=\"has_eae_slider elementor-element elementor-element-4026b7a e-grid e-con-boxed wpr-particle-no wpr-jarallax-no wpr-parallax-no wpr-sticky-section-no e-con e-parent\" data-eae-slider=\"6105\" data-id=\"4026b7a\" data-element_type=\"container\">\n\t\t\t\t\t<div class=\"e-con-inner\">\n\t\t\t\t<div class=\"elementor-element elementor-element-6965e3c elementor-position-top elementor-widget elementor-widget-image-box\" data-id=\"6965e3c\" data-element_type=\"widget\" data-widget_type=\"image-box.default\">\n\t\t\t\t\t<div class=\"elementor-image-box-wrapper\"><figure class=\"elementor-image-box-img\"><a href=\"https:\/\/harvin.eu\/de\/master-mix\/\" tabindex=\"-1\"><img fetchpriority=\"high\" decoding=\"async\" width=\"600\" height=\"600\" src=\"https:\/\/harvin.eu\/wp-content\/uploads\/2025\/09\/harvin-master-mix-24-refrigerato-it.png\" class=\"attachment-full size-full wp-image-244375\" alt=\"Gek\u00fchltes Master Mix-Slave-Modul mit 24 Auswahlm\u00f6glichkeiten, doppelter Front-\/Hintert\u00fcr, bruchsicherem Glas und Sicherheitssensoren\" srcset=\"https:\/\/harvin.eu\/wp-content\/uploads\/2025\/09\/harvin-master-mix-24-refrigerato-it.png 600w, https:\/\/harvin.eu\/wp-content\/uploads\/2025\/09\/harvin-master-mix-24-refrigerato-it-300x300.png 300w, https:\/\/harvin.eu\/wp-content\/uploads\/2025\/09\/harvin-master-mix-24-refrigerato-it-150x150.png 150w\" sizes=\"(max-width: 600px) 100vw, 600px\" \/><\/a><\/figure><div class=\"elementor-image-box-content\"><h4 class=\"elementor-image-box-title\"><a href=\"https:\/\/harvin.eu\/de\/master-mix\/\">Master Mix<\/a><\/h4><\/div><\/div>\t\t\t\t<\/div>\n\t\t\t\t<div class=\"elementor-element elementor-element-919fdb7 elementor-position-top elementor-widget elementor-widget-image-box\" data-id=\"919fdb7\" data-element_type=\"widget\" data-widget_type=\"image-box.default\">\n\t\t\t\t\t<div class=\"elementor-image-box-wrapper\"><figure class=\"elementor-image-box-img\"><a href=\"https:\/\/harvin.eu\/de\/gekuehlte-master-slave-module\/\" tabindex=\"-1\"><img decoding=\"async\" width=\"584\" height=\"686\" src=\"https:\/\/harvin.eu\/wp-content\/uploads\/2025\/10\/master-slaveDE.jpg\" class=\"attachment-full size-full wp-image-244374\" alt=\"Harvin gek\u00fchltes Slave-Modul mit beleuchteter Vitrine und gepanzertem Auslass f\u00fcr temperaturgef\u00fchrte Produkte\" srcset=\"https:\/\/harvin.eu\/wp-content\/uploads\/2025\/10\/master-slaveDE.jpg 584w, https:\/\/harvin.eu\/wp-content\/uploads\/2025\/10\/master-slaveDE-255x300.jpg 255w\" sizes=\"(max-width: 584px) 100vw, 584px\" \/><\/a><\/figure><div class=\"elementor-image-box-content\"><h4 class=\"elementor-image-box-title\"><a href=\"https:\/\/harvin.eu\/de\/gekuehlte-master-slave-module\/\">Gek\u00fchlte Master-Slave-Module<\/a><\/h4><\/div><\/div>\t\t\t\t<\/div>\n\t\t\t\t<div class=\"elementor-element elementor-element-69f2e12 elementor-position-top elementor-widget elementor-widget-image-box\" data-id=\"69f2e12\" data-element_type=\"widget\" data-widget_type=\"image-box.default\">\n\t\t\t\t\t<div class=\"elementor-image-box-wrapper\"><figure class=\"elementor-image-box-img\"><a href=\"https:\/\/harvin.eu\/de\/unika-automatischer-kassierer\/\" tabindex=\"-1\"><img decoding=\"async\" width=\"378\" height=\"1000\" src=\"https:\/\/harvin.eu\/wp-content\/uploads\/2025\/07\/unika-1.png\" class=\"attachment-full size-full wp-image-243525\" alt=\"\" srcset=\"https:\/\/harvin.eu\/wp-content\/uploads\/2025\/07\/unika-1.png 378w, https:\/\/harvin.eu\/wp-content\/uploads\/2025\/07\/unika-1-113x300.png 113w\" sizes=\"(max-width: 378px) 100vw, 378px\" \/><\/a><\/figure><div class=\"elementor-image-box-content\"><h4 class=\"elementor-image-box-title\"><a href=\"https:\/\/harvin.eu\/de\/unika-automatischer-kassierer\/\">Unika Automatischer Kassierer<\/a><\/h4><\/div><\/div>\t\t\t\t<\/div>\n\t\t\t\t\t<\/div>\n\t\t\t\t<\/div>\n\t\t<div class=\"has_eae_slider elementor-element elementor-element-7c2eb94 e-flex e-con-boxed wpr-particle-no wpr-jarallax-no wpr-parallax-no wpr-sticky-section-no e-con e-parent\" data-eae-slider=\"34026\" data-id=\"7c2eb94\" data-element_type=\"container\" data-settings=\"{&quot;background_background&quot;:&quot;classic&quot;,&quot;shape_divider_top&quot;:&quot;waves&quot;,&quot;shape_divider_top_negative&quot;:&quot;yes&quot;}\">\n\t\t\t\t\t<div class=\"e-con-inner\">\n\t\t\t\t<div class=\"elementor-shape elementor-shape-top\" aria-hidden=\"true\" data-negative=\"true\">\n\t\t\t<svg xmlns=\"http:\/\/www.w3.org\/2000\/svg\" viewBox=\"0 0 1000 100\" preserveAspectRatio=\"none\">\n\t<path class=\"elementor-shape-fill\" d=\"M790.5,93.1c-59.3-5.3-116.8-18-192.6-50c-29.6-12.7-76.9-31-100.5-35.9c-23.6-4.9-52.6-7.8-75.5-5.3\n\tc-10.2,1.1-22.6,1.4-50.1,7.4c-27.2,6.3-58.2,16.6-79.4,24.7c-41.3,15.9-94.9,21.9-134,22.6C72,58.2,0,25.8,0,25.8V100h1000V65.3\n\tc0,0-51.5,19.4-106.2,25.7C839.5,97,814.1,95.2,790.5,93.1z\"\/>\n<\/svg>\t\t<\/div>\n\t\t\t\t<div class=\"elementor-element elementor-element-b2d616a elementor-invisible elementor-widget elementor-widget-heading\" data-id=\"b2d616a\" data-element_type=\"widget\" data-settings=\"{&quot;_animation&quot;:&quot;fadeInLeft&quot;}\" data-widget_type=\"heading.default\">\n\t\t\t\t\t<h1 class=\"elementor-heading-title elementor-size-default\">Ben\u00f6tigen Sie weitere Informationen?<\/h1>\t\t\t\t<\/div>\n\t\t\t\t<div class=\"elementor-element elementor-element-8ca5123 animated-slow elementor-mobile-align-center elementor-invisible elementor-widget elementor-widget-button\" data-id=\"8ca5123\" data-element_type=\"widget\" data-settings=\"{&quot;_animation&quot;:&quot;fadeInRight&quot;}\" data-widget_type=\"button.default\">\n\t\t\t\t\t\t\t\t\t\t<a class=\"elementor-button elementor-button-link elementor-size-sm\" href=\"https:\/\/harvin.eu\/contatti\/\">\n\t\t\t\t\t\t<span class=\"elementor-button-content-wrapper\">\n\t\t\t\t\t\t\t\t\t<span class=\"elementor-button-text\">KONTAKTIEREN SIE UNS<\/span>\n\t\t\t\t\t<\/span>\n\t\t\t\t\t<\/a>\n\t\t\t\t\t\t\t\t<\/div>\n\t\t\t\t\t<\/div>\n\t\t\t\t<\/div>\n\t\t\t\t<\/div>\n\t\t","protected":false},"excerpt":{"rendered":"<p>Sklave und automatischer Kassierer Harvin vervollst\u00e4ndigt sein Angebot mit einer Reihe von GEK\u00dcHLTEN SLAVE-MODULEN f\u00fcr den Verkauf von Produkten mit unterschiedlichen Verpackungen, wie z.B.: Snacks, Erfrischungsgetr\u00e4nke, T\u00fcten, Gl\u00e4ser, Geschenkverpackungen und Hanf-Leichtprodukte. Neben Touch-Automaten k\u00f6nnen die Slave-Module auch mit dem neuen Geldautomaten Unika betrieben werden, mit dem Sie Ihren eigenen Self 24-Bereich, Ihren eigenen automatischen Laden, einrichten k\u00f6nnen. KONTAKTIEREN SIE UNS Unsere Produkte Master Mix Gek\u00fchlte Master-Slave-Module Unika Automatischer Kassierer Ben\u00f6tigen Sie weitere Informationen? KONTAKTIEREN SIE UNS<\/p>\n","protected":false},"author":2,"featured_media":0,"parent":0,"menu_order":0,"comment_status":"closed","ping_status":"closed","template":"","meta":{"footnotes":""},"class_list":["post-244373","page","type-page","status-publish","hentry"],"blocksy_meta":[],"yoast_head":"<!-- This site is optimized with the Yoast SEO plugin v26.5 - https:\/\/yoast.com\/wordpress\/plugins\/seo\/ -->\n<title>Slave und automatische Kasse f\u00fcr Harvin-Verkaufsautomaten<\/title>\n<meta name=\"description\" content=\"Slave und Harvin-Verkaufsautomat mit gek\u00fchlten Slave-Modulen und Unika-Verkaufsautomat zur Einrichtung von 24-Stunden-Selbstbedienungsbereichen mit Verkaufsautomaten.\" \/>\n<meta name=\"robots\" content=\"index, follow, max-snippet:-1, max-image-preview:large, max-video-preview:-1\" \/>\n<link rel=\"canonical\" href=\"https:\/\/harvin.eu\/de\/sklave-und-automatischer-kassierer\/\" \/>\n<meta property=\"og:locale\" content=\"de_DE\" \/>\n<meta property=\"og:type\" content=\"article\" \/>\n<meta property=\"og:title\" content=\"Slave und automatische Kasse f\u00fcr Harvin-Verkaufsautomaten\" \/>\n<meta property=\"og:description\" content=\"Slave und Harvin-Verkaufsautomat mit gek\u00fchlten Slave-Modulen und Unika-Verkaufsautomat zur Einrichtung von 24-Stunden-Selbstbedienungsbereichen mit Verkaufsautomaten.\" \/>\n<meta property=\"og:url\" content=\"https:\/\/harvin.eu\/de\/sklave-und-automatischer-kassierer\/\" \/>\n<meta property=\"og:site_name\" content=\"Vendita Distributori Automatici - Esperienza ventennale - Harvin\" \/>\n<meta property=\"article:publisher\" content=\"https:\/\/www.facebook.com\/harvindistributoriautomatici\" \/>\n<meta property=\"article:modified_time\" content=\"2026-02-06T15:37:43+00:00\" \/>\n<meta property=\"og:image\" content=\"https:\/\/harvin.eu\/wp-content\/uploads\/2025\/09\/harvin-master-mix-24-refrigerato-it.png\" \/>\n\t<meta property=\"og:image:width\" content=\"600\" \/>\n\t<meta property=\"og:image:height\" content=\"600\" \/>\n\t<meta property=\"og:image:type\" content=\"image\/png\" \/>\n<meta name=\"twitter:card\" content=\"summary_large_image\" \/>\n<meta name=\"twitter:label1\" content=\"Est. reading time\" \/>\n\t<meta name=\"twitter:data1\" content=\"2 minutes\" \/>\n<script type=\"application\/ld+json\" class=\"yoast-schema-graph\">{\"@context\":\"https:\/\/schema.org\",\"@graph\":[{\"@type\":\"WebPage\",\"@id\":\"https:\/\/harvin.eu\/de\/sklave-und-automatischer-kassierer\/\",\"url\":\"https:\/\/harvin.eu\/de\/sklave-und-automatischer-kassierer\/\",\"name\":\"Slave und automatische Kasse f\u00fcr Harvin-Verkaufsautomaten\",\"isPartOf\":{\"@id\":\"http:\/\/harvin.eu\/de\/#website\"},\"primaryImageOfPage\":{\"@id\":\"https:\/\/harvin.eu\/de\/sklave-und-automatischer-kassierer\/#primaryimage\"},\"image\":{\"@id\":\"https:\/\/harvin.eu\/de\/sklave-und-automatischer-kassierer\/#primaryimage\"},\"thumbnailUrl\":\"https:\/\/harvin.eu\/wp-content\/uploads\/2025\/09\/harvin-master-mix-24-refrigerato-it.png\",\"datePublished\":\"2025-07-01T22:31:14+00:00\",\"dateModified\":\"2026-02-06T15:37:43+00:00\",\"description\":\"Slave und Harvin-Verkaufsautomat mit gek\u00fchlten Slave-Modulen und Unika-Verkaufsautomat zur Einrichtung von 24-Stunden-Selbstbedienungsbereichen mit Verkaufsautomaten.\",\"breadcrumb\":{\"@id\":\"https:\/\/harvin.eu\/de\/sklave-und-automatischer-kassierer\/#breadcrumb\"},\"inLanguage\":\"de-DE\",\"potentialAction\":[{\"@type\":\"ReadAction\",\"target\":[\"https:\/\/harvin.eu\/de\/sklave-und-automatischer-kassierer\/\"]}]},{\"@type\":\"ImageObject\",\"inLanguage\":\"de-DE\",\"@id\":\"https:\/\/harvin.eu\/de\/sklave-und-automatischer-kassierer\/#primaryimage\",\"url\":\"https:\/\/harvin.eu\/wp-content\/uploads\/2025\/09\/harvin-master-mix-24-refrigerato-it.png\",\"contentUrl\":\"https:\/\/harvin.eu\/wp-content\/uploads\/2025\/09\/harvin-master-mix-24-refrigerato-it.png\"},{\"@type\":\"BreadcrumbList\",\"@id\":\"https:\/\/harvin.eu\/de\/sklave-und-automatischer-kassierer\/#breadcrumb\",\"itemListElement\":[{\"@type\":\"ListItem\",\"position\":1,\"name\":\"Home\",\"item\":\"https:\/\/harvin.eu\/de\/startseite\/\"},{\"@type\":\"ListItem\",\"position\":2,\"name\":\"Sklave und automatischer Kassierer\"}]},{\"@type\":\"WebSite\",\"@id\":\"http:\/\/harvin.eu\/de\/#website\",\"url\":\"http:\/\/harvin.eu\/de\/\",\"name\":\"Vendita Distributori Automatici - Harvin\",\"description\":\"Vendita Distributori Automatici - Esperienza ventennale - Harvin\",\"potentialAction\":[{\"@type\":\"SearchAction\",\"target\":{\"@type\":\"EntryPoint\",\"urlTemplate\":\"http:\/\/harvin.eu\/de\/?s={search_term_string}\"},\"query-input\":{\"@type\":\"PropertyValueSpecification\",\"valueRequired\":true,\"valueName\":\"search_term_string\"}}],\"inLanguage\":\"de-DE\"}]}<\/script>\n<!-- \/ Yoast SEO plugin. -->","yoast_head_json":{"title":"Slave und automatische Kasse f\u00fcr Harvin-Verkaufsautomaten","description":"Slave und Harvin-Verkaufsautomat mit gek\u00fchlten Slave-Modulen und Unika-Verkaufsautomat zur Einrichtung von 24-Stunden-Selbstbedienungsbereichen mit Verkaufsautomaten.","robots":{"index":"index","follow":"follow","max-snippet":"max-snippet:-1","max-image-preview":"max-image-preview:large","max-video-preview":"max-video-preview:-1"},"canonical":"https:\/\/harvin.eu\/de\/sklave-und-automatischer-kassierer\/","og_locale":"de_DE","og_type":"article","og_title":"Slave und automatische Kasse f\u00fcr Harvin-Verkaufsautomaten","og_description":"Slave und Harvin-Verkaufsautomat mit gek\u00fchlten Slave-Modulen und Unika-Verkaufsautomat zur Einrichtung von 24-Stunden-Selbstbedienungsbereichen mit Verkaufsautomaten.","og_url":"https:\/\/harvin.eu\/de\/sklave-und-automatischer-kassierer\/","og_site_name":"Vendita Distributori Automatici - Esperienza ventennale - Harvin","article_publisher":"https:\/\/www.facebook.com\/harvindistributoriautomatici","article_modified_time":"2026-02-06T15:37:43+00:00","og_image":[{"width":600,"height":600,"url":"https:\/\/harvin.eu\/wp-content\/uploads\/2025\/09\/harvin-master-mix-24-refrigerato-it.png","type":"image\/png"}],"twitter_card":"summary_large_image","twitter_misc":{"Est. reading time":"2 minutes"},"schema":{"@context":"https:\/\/schema.org","@graph":[{"@type":"WebPage","@id":"https:\/\/harvin.eu\/de\/sklave-und-automatischer-kassierer\/","url":"https:\/\/harvin.eu\/de\/sklave-und-automatischer-kassierer\/","name":"Slave und automatische Kasse f\u00fcr Harvin-Verkaufsautomaten","isPartOf":{"@id":"http:\/\/harvin.eu\/de\/#website"},"primaryImageOfPage":{"@id":"https:\/\/harvin.eu\/de\/sklave-und-automatischer-kassierer\/#primaryimage"},"image":{"@id":"https:\/\/harvin.eu\/de\/sklave-und-automatischer-kassierer\/#primaryimage"},"thumbnailUrl":"https:\/\/harvin.eu\/wp-content\/uploads\/2025\/09\/harvin-master-mix-24-refrigerato-it.png","datePublished":"2025-07-01T22:31:14+00:00","dateModified":"2026-02-06T15:37:43+00:00","description":"Slave und Harvin-Verkaufsautomat mit gek\u00fchlten Slave-Modulen und Unika-Verkaufsautomat zur Einrichtung von 24-Stunden-Selbstbedienungsbereichen mit Verkaufsautomaten.","breadcrumb":{"@id":"https:\/\/harvin.eu\/de\/sklave-und-automatischer-kassierer\/#breadcrumb"},"inLanguage":"de-DE","potentialAction":[{"@type":"ReadAction","target":["https:\/\/harvin.eu\/de\/sklave-und-automatischer-kassierer\/"]}]},{"@type":"ImageObject","inLanguage":"de-DE","@id":"https:\/\/harvin.eu\/de\/sklave-und-automatischer-kassierer\/#primaryimage","url":"https:\/\/harvin.eu\/wp-content\/uploads\/2025\/09\/harvin-master-mix-24-refrigerato-it.png","contentUrl":"https:\/\/harvin.eu\/wp-content\/uploads\/2025\/09\/harvin-master-mix-24-refrigerato-it.png"},{"@type":"BreadcrumbList","@id":"https:\/\/harvin.eu\/de\/sklave-und-automatischer-kassierer\/#breadcrumb","itemListElement":[{"@type":"ListItem","position":1,"name":"Home","item":"https:\/\/harvin.eu\/de\/startseite\/"},{"@type":"ListItem","position":2,"name":"Sklave und automatischer Kassierer"}]},{"@type":"WebSite","@id":"http:\/\/harvin.eu\/de\/#website","url":"http:\/\/harvin.eu\/de\/","name":"Vendita Distributori Automatici - Harvin","description":"Vendita Distributori Automatici - Esperienza ventennale - Harvin","potentialAction":[{"@type":"SearchAction","target":{"@type":"EntryPoint","urlTemplate":"http:\/\/harvin.eu\/de\/?s={search_term_string}"},"query-input":{"@type":"PropertyValueSpecification","valueRequired":true,"valueName":"search_term_string"}}],"inLanguage":"de-DE"}]}},"_links":{"self":[{"href":"https:\/\/harvin.eu\/de\/wp-json\/wp\/v2\/pages\/244373","targetHints":{"allow":["GET"]}}],"collection":[{"href":"https:\/\/harvin.eu\/de\/wp-json\/wp\/v2\/pages"}],"about":[{"href":"https:\/\/harvin.eu\/de\/wp-json\/wp\/v2\/types\/page"}],"author":[{"embeddable":true,"href":"https:\/\/harvin.eu\/de\/wp-json\/wp\/v2\/users\/2"}],"replies":[{"embeddable":true,"href":"https:\/\/harvin.eu\/de\/wp-json\/wp\/v2\/comments?post=244373"}],"version-history":[{"count":12,"href":"https:\/\/harvin.eu\/de\/wp-json\/wp\/v2\/pages\/244373\/revisions"}],"predecessor-version":[{"id":248608,"href":"https:\/\/harvin.eu\/de\/wp-json\/wp\/v2\/pages\/244373\/revisions\/248608"}],"wp:attachment":[{"href":"https:\/\/harvin.eu\/de\/wp-json\/wp\/v2\/media?parent=244373"}],"curies":[{"name":"wp","href":"https:\/\/api.w.org\/{rel}","templated":true}]}}